{"id":982,"date":"2020-11-24T17:37:53","date_gmt":"2020-11-24T16:37:53","guid":{"rendered":"http:\/\/www2.sanmarinointernational.com\/?page_id=982"},"modified":"2021-02-26T17:48:12","modified_gmt":"2021-02-26T16:48:12","slug":"company-profile","status":"publish","type":"page","link":"https:\/\/www.sanmarinointernational.com\/fr\/company-profile\/","title":{"rendered":"Company profile"},"content":{"rendered":"<div class=\"wpb-content-wrapper\"><p>[vc_row][vc_column][vc_custom_heading text=&#8221;Profil de la soci\u00e9t\u00e9&#8221; google_fonts=&#8221;font_family:Montserrat%3Aregular%2C700|font_style:400%20regular%3A400%3Anormal&#8221;][\/vc_column][\/vc_row][vc_row][vc_column][vc_column_text]<span style=\"font-family: Montserrat, sans-serif;\"><span class=\"TextRun SCXW75545466 BCX9\" lang=\"FR-FR\" xml:lang=\"FR-FR\" data-contrast=\"auto\"><span class=\"NormalTextRun SCXW75545466 BCX9\">Nous sommes San Marino International, un Tour Operateur sp\u00e9cialis\u00e9\u00a0sur les groupes culturels avec destination Italie et toute l\u2019Europe.\u00a0<\/span><\/span><\/span><\/p>\n<p><span style=\"font-family: Montserrat, sans-serif;\">Nous sommes un groupe de professionnels enthousiastes, avec une longue exp\u00e9rience sp\u00e9cifique pour chaque r\u00f4le respectif et pour chaque r\u00e9gion sp\u00e9cifique de l&#8217;Italie et de l&#8217;Europe, pour chaque destination qui nous est demand\u00e9e.<\/span><\/p>\n<p><span style=\"font-family: Montserrat, sans-serif;\">Nos clients nous consid\u00e8rent comme l&#8217;un des partenaires les plus fiables et les plus s\u00e9rieux, r\u00e9compensant nos r\u00e9ponses commerciales pendant le verrouillage avec le plus grand nombre d&#8217;avis positifs.<\/span><\/p>\n<p><span style=\"font-family: Montserrat, sans-serif;\">Nous sommes d\u00e9j\u00e0 partis, nous avons personnellement revu tous nos fournisseurs, obtenant de nouveaux devis et de nouvelles disponibilit\u00e9s et aujourd&#8217;hui nous faisons voyager nos clients avec des offres personnalis\u00e9es, toujours avantageuses, proposant \u00e9galement des destinations originales, avec de nouveaux formats.<\/span><\/p>\n<p><span style=\"font-family: Montserrat, sans-serif;\">Tu ne penses m\u00eame pas qu&#8217;il est venu<\/span><br \/>\n<span style=\"font-family: Montserrat, sans-serif;\">temps de changer?<\/span><\/p>\n<p><span style=\"font-family: Montserrat, sans-serif;\">SAISIR L&#8217;OPPORTUNIT\u00c9<\/span><br \/>\n<span style=\"font-family: Montserrat, sans-serif;\">Choisir San Marino International!<\/span>[\/vc_column_text][\/vc_column][\/vc_row][vc_row][vc_column][vc_single_image image=&#8221;980&#8243; img_size=&#8221;full&#8221; alignment=&#8221;center&#8221; style=&#8221;vc_box_shadow&#8221;][\/vc_column][\/vc_row]<\/p>\n<\/div>","protected":false},"excerpt":{"rendered":"<p>[vc_row][vc_column][vc_custom_heading text=&#8221;Profil de la soci\u00e9t\u00e9&#8221; google_fonts=&#8221;font_family:Montserrat%3Aregular%2C700|font_style:400%20regular%3A400%3Anormal&#8221;][\/vc_column][\/vc_row][vc_row][vc_column][vc_column_text]Nous sommes San Marino International, un Tour Operateur sp\u00e9cialis\u00e9\u00a0sur les groupes culturels avec destination Italie et toute l\u2019Europe.\u00a0 Nous sommes un groupe de professionnels enthousiastes, avec une longue exp\u00e9rience sp\u00e9cifique pour.<\/p>\n","protected":false},"author":1,"featured_media":0,"parent":0,"menu_order":0,"comment_status":"closed","ping_status":"closed","template":"","meta":{"content-type":"","_uag_custom_page_level_css":"","footnotes":""},"class_list":["post-982","page","type-page","status-publish","hentry"],"yoast_head":"<!-- This site is optimized with the Yoast SEO plugin v27.4 - https:\/\/yoast.com\/product\/yoast-seo-wordpress\/ -->\n<title>Company profile - San Marino International<\/title>\n<meta name=\"description\" content=\"Tour Operator gruppi Italia ed Europa\" \/>\n<meta name=\"robots\" content=\"index, follow, max-snippet:-1, max-image-preview:large, max-video-preview:-1\" \/>\n<link rel=\"canonical\" href=\"https:\/\/www.sanmarinointernational.com\/fr\/company-profile\/\" \/>\n<meta property=\"og:locale\" content=\"fr_FR\" \/>\n<meta property=\"og:type\" content=\"article\" \/>\n<meta property=\"og:title\" content=\"Company profile - San Marino International\" \/>\n<meta property=\"og:description\" content=\"Tour Operator gruppi Italia ed Europa\" \/>\n<meta property=\"og:url\" content=\"https:\/\/www.sanmarinointernational.com\/fr\/company-profile\/\" \/>\n<meta property=\"og:site_name\" content=\"San Marino International\" \/>\n<meta property=\"article:publisher\" content=\"https:\/\/www.facebook.com\/internationalrsm\" \/>\n<meta property=\"article:modified_time\" content=\"2021-02-26T16:48:12+00:00\" \/>\n<meta name=\"twitter:card\" content=\"summary_large_image\" \/>\n<script type=\"application\/ld+json\" class=\"yoast-schema-graph\">{\"@context\":\"https:\\\/\\\/schema.org\",\"@graph\":[{\"@type\":\"WebPage\",\"@id\":\"https:\\\/\\\/www.sanmarinointernational.com\\\/fr\\\/company-profile\\\/\",\"url\":\"https:\\\/\\\/www.sanmarinointernational.com\\\/fr\\\/company-profile\\\/\",\"name\":\"Company profile - San Marino International\",\"isPartOf\":{\"@id\":\"https:\\\/\\\/www.sanmarinointernational.com\\\/fr\\\/#website\"},\"datePublished\":\"2020-11-24T16:37:53+00:00\",\"dateModified\":\"2021-02-26T16:48:12+00:00\",\"description\":\"Tour Operator gruppi Italia ed Europa\",\"breadcrumb\":{\"@id\":\"https:\\\/\\\/www.sanmarinointernational.com\\\/fr\\\/company-profile\\\/#breadcrumb\"},\"inLanguage\":\"fr-FR\",\"potentialAction\":[{\"@type\":\"ReadAction\",\"target\":[\"https:\\\/\\\/www.sanmarinointernational.com\\\/fr\\\/company-profile\\\/\"]}]},{\"@type\":\"BreadcrumbList\",\"@id\":\"https:\\\/\\\/www.sanmarinointernational.com\\\/fr\\\/company-profile\\\/#breadcrumb\",\"itemListElement\":[{\"@type\":\"ListItem\",\"position\":1,\"name\":\"Home\",\"item\":\"https:\\\/\\\/www.sanmarinointernational.com\\\/fr\\\/\"},{\"@type\":\"ListItem\",\"position\":2,\"name\":\"Company profile\"}]},{\"@type\":\"WebSite\",\"@id\":\"https:\\\/\\\/www.sanmarinointernational.com\\\/fr\\\/#website\",\"url\":\"https:\\\/\\\/www.sanmarinointernational.com\\\/fr\\\/\",\"name\":\"San Marino International\",\"description\":\"Solo Gruppi Italia Europa\",\"publisher\":{\"@id\":\"https:\\\/\\\/www.sanmarinointernational.com\\\/fr\\\/#organization\"},\"potentialAction\":[{\"@type\":\"SearchAction\",\"target\":{\"@type\":\"EntryPoint\",\"urlTemplate\":\"https:\\\/\\\/www.sanmarinointernational.com\\\/fr\\\/?s={search_term_string}\"},\"query-input\":{\"@type\":\"PropertyValueSpecification\",\"valueRequired\":true,\"valueName\":\"search_term_string\"}}],\"inLanguage\":\"fr-FR\"},{\"@type\":\"Organization\",\"@id\":\"https:\\\/\\\/www.sanmarinointernational.com\\\/fr\\\/#organization\",\"name\":\"San Marino International srl\",\"url\":\"https:\\\/\\\/www.sanmarinointernational.com\\\/fr\\\/\",\"logo\":{\"@type\":\"ImageObject\",\"inLanguage\":\"fr-FR\",\"@id\":\"https:\\\/\\\/www.sanmarinointernational.com\\\/fr\\\/#\\\/schema\\\/logo\\\/image\\\/\",\"url\":\"https:\\\/\\\/www.sanmarinointernational.com\\\/wp-content\\\/uploads\\\/2020\\\/11\\\/CompletoTavola-disegno-2144.png\",\"contentUrl\":\"https:\\\/\\\/www.sanmarinointernational.com\\\/wp-content\\\/uploads\\\/2020\\\/11\\\/CompletoTavola-disegno-2144.png\",\"width\":121,\"height\":144,\"caption\":\"San Marino International srl\"},\"image\":{\"@id\":\"https:\\\/\\\/www.sanmarinointernational.com\\\/fr\\\/#\\\/schema\\\/logo\\\/image\\\/\"},\"sameAs\":[\"https:\\\/\\\/www.facebook.com\\\/internationalrsm\",\"https:\\\/\\\/www.instagram.com\\\/sanmarinointernational\\\/\",\"https:\\\/\\\/www.linkedin.com\\\/company\\\/san-marino-international\\\/\"]}]}<\/script>\n<!-- \/ Yoast SEO plugin. -->","yoast_head_json":{"title":"Company profile - San Marino International","description":"Tour Operator gruppi Italia ed Europa","robots":{"index":"index","follow":"follow","max-snippet":"max-snippet:-1","max-image-preview":"max-image-preview:large","max-video-preview":"max-video-preview:-1"},"canonical":"https:\/\/www.sanmarinointernational.com\/fr\/company-profile\/","og_locale":"fr_FR","og_type":"article","og_title":"Company profile - San Marino International","og_description":"Tour Operator gruppi Italia ed Europa","og_url":"https:\/\/www.sanmarinointernational.com\/fr\/company-profile\/","og_site_name":"San Marino International","article_publisher":"https:\/\/www.facebook.com\/internationalrsm","article_modified_time":"2021-02-26T16:48:12+00:00","twitter_card":"summary_large_image","schema":{"@context":"https:\/\/schema.org","@graph":[{"@type":"WebPage","@id":"https:\/\/www.sanmarinointernational.com\/fr\/company-profile\/","url":"https:\/\/www.sanmarinointernational.com\/fr\/company-profile\/","name":"Company profile - San Marino International","isPartOf":{"@id":"https:\/\/www.sanmarinointernational.com\/fr\/#website"},"datePublished":"2020-11-24T16:37:53+00:00","dateModified":"2021-02-26T16:48:12+00:00","description":"Tour Operator gruppi Italia ed Europa","breadcrumb":{"@id":"https:\/\/www.sanmarinointernational.com\/fr\/company-profile\/#breadcrumb"},"inLanguage":"fr-FR","potentialAction":[{"@type":"ReadAction","target":["https:\/\/www.sanmarinointernational.com\/fr\/company-profile\/"]}]},{"@type":"BreadcrumbList","@id":"https:\/\/www.sanmarinointernational.com\/fr\/company-profile\/#breadcrumb","itemListElement":[{"@type":"ListItem","position":1,"name":"Home","item":"https:\/\/www.sanmarinointernational.com\/fr\/"},{"@type":"ListItem","position":2,"name":"Company profile"}]},{"@type":"WebSite","@id":"https:\/\/www.sanmarinointernational.com\/fr\/#website","url":"https:\/\/www.sanmarinointernational.com\/fr\/","name":"San Marino International","description":"Solo Gruppi Italia Europa","publisher":{"@id":"https:\/\/www.sanmarinointernational.com\/fr\/#organization"},"potentialAction":[{"@type":"SearchAction","target":{"@type":"EntryPoint","urlTemplate":"https:\/\/www.sanmarinointernational.com\/fr\/?s={search_term_string}"},"query-input":{"@type":"PropertyValueSpecification","valueRequired":true,"valueName":"search_term_string"}}],"inLanguage":"fr-FR"},{"@type":"Organization","@id":"https:\/\/www.sanmarinointernational.com\/fr\/#organization","name":"San Marino International srl","url":"https:\/\/www.sanmarinointernational.com\/fr\/","logo":{"@type":"ImageObject","inLanguage":"fr-FR","@id":"https:\/\/www.sanmarinointernational.com\/fr\/#\/schema\/logo\/image\/","url":"https:\/\/www.sanmarinointernational.com\/wp-content\/uploads\/2020\/11\/CompletoTavola-disegno-2144.png","contentUrl":"https:\/\/www.sanmarinointernational.com\/wp-content\/uploads\/2020\/11\/CompletoTavola-disegno-2144.png","width":121,"height":144,"caption":"San Marino International srl"},"image":{"@id":"https:\/\/www.sanmarinointernational.com\/fr\/#\/schema\/logo\/image\/"},"sameAs":["https:\/\/www.facebook.com\/internationalrsm","https:\/\/www.instagram.com\/sanmarinointernational\/","https:\/\/www.linkedin.com\/company\/san-marino-international\/"]}]}},"uagb_featured_image_src":{"full":false,"thumbnail":false,"medium":false,"medium_large":false,"large":false,"1536x1536":false,"2048x2048":false},"uagb_author_info":{"display_name":"SMI","author_link":"https:\/\/www.sanmarinointernational.com\/fr\/author\/admin2417\/"},"uagb_comment_info":0,"uagb_excerpt":"[vc_row][vc_column][vc_custom_heading text=&#8221;Profil de la soci\u00e9t\u00e9&#8221; google_fonts=&#8221;font_family:Montserrat%3Aregular%2C700|font_style:400%20regular%3A400%3Anormal&#8221;][\/vc_column][\/vc_row][vc_row][vc_column][vc_column_text]Nous sommes San Marino International, un Tour Operateur sp\u00e9cialis\u00e9\u00a0sur les groupes culturels avec destination Italie et toute l\u2019Europe.\u00a0 Nous sommes un groupe de professionnels enthousiastes, avec une longue exp\u00e9rience sp\u00e9cifique pour.","_links":{"self":[{"href":"https:\/\/www.sanmarinointernational.com\/fr\/wp-json\/wp\/v2\/pages\/982","targetHints":{"allow":["GET"]}}],"collection":[{"href":"https:\/\/www.sanmarinointernational.com\/fr\/wp-json\/wp\/v2\/pages"}],"about":[{"href":"https:\/\/www.sanmarinointernational.com\/fr\/wp-json\/wp\/v2\/types\/page"}],"author":[{"embeddable":true,"href":"https:\/\/www.sanmarinointernational.com\/fr\/wp-json\/wp\/v2\/users\/1"}],"replies":[{"embeddable":true,"href":"https:\/\/www.sanmarinointernational.com\/fr\/wp-json\/wp\/v2\/comments?post=982"}],"version-history":[{"count":0,"href":"https:\/\/www.sanmarinointernational.com\/fr\/wp-json\/wp\/v2\/pages\/982\/revisions"}],"wp:attachment":[{"href":"https:\/\/www.sanmarinointernational.com\/fr\/wp-json\/wp\/v2\/media?parent=982"}],"curies":[{"name":"wp","href":"https:\/\/api.w.org\/{rel}","templated":true}]}}