{"id":5701,"date":"2022-06-29T17:33:32","date_gmt":"2022-06-29T15:33:32","guid":{"rendered":"https:\/\/www.sanmarinointernational.com\/europe\/"},"modified":"2022-08-17T19:43:15","modified_gmt":"2022-08-17T17:43:15","slug":"europe","status":"publish","type":"page","link":"https:\/\/www.sanmarinointernational.com\/fr\/europe\/","title":{"rendered":"Europe"},"content":{"rendered":"\n<p class=\"has-text-align-center has-medium-font-size\">L&#8217;Europe d&#8217;Ouest en Est, les destinations classiques et nouvelles.<\/p>\n\n<p class=\"has-text-align-center has-medium-font-size\">Pour tout ce que vous recherchez, <\/p>\n\n<p class=\"has-text-align-center has-medium-font-size\">notre personnel est pr\u00eat \u00e0 vous sugg\u00e9rer une destination<\/p>\n\n<p class=\"has-text-align-center has-medium-font-size\">dans des installations soigneusement s\u00e9lectionn\u00e9es et v\u00e9rifi\u00e9es <\/p>\n\n<p class=\"has-text-align-center has-medium-font-size\">par notre \u00e9quipe de professionnels du tourisme. <\/p>\n\n<div style=\"height:100px\" aria-hidden=\"true\" class=\"wp-block-spacer\"><\/div>\n\n<hr class=\"wp-block-separator has-alpha-channel-opacity\"\/>\n\n<figure class=\"wp-block-gallery has-nested-images columns-default is-cropped wp-block-gallery-1 is-layout-flex wp-block-gallery-is-layout-flex\">\n<figure class=\"wp-block-image size-large\"><img decoding=\"async\" width=\"600\" height=\"400\" data-id=\"2292\" src=\"https:\/\/www.sanmarinointernational.com\/wp-content\/uploads\/2021\/01\/russia.jpg\" alt=\"\" class=\"wp-image-2292\" srcset=\"https:\/\/www.sanmarinointernational.com\/wp-content\/uploads\/2021\/01\/russia.jpg 600w, https:\/\/www.sanmarinointernational.com\/wp-content\/uploads\/2021\/01\/russia-300x200.jpg 300w\" sizes=\"(max-width: 600px) 100vw, 600px\" \/><\/figure>\n\n\n<figure class=\"wp-block-image size-large\"><img decoding=\"async\" width=\"600\" height=\"400\" data-id=\"2310\" src=\"https:\/\/www.sanmarinointernational.com\/wp-content\/uploads\/2021\/01\/slovenia.jpg\" alt=\"\" class=\"wp-image-2310\" srcset=\"https:\/\/www.sanmarinointernational.com\/wp-content\/uploads\/2021\/01\/slovenia.jpg 600w, https:\/\/www.sanmarinointernational.com\/wp-content\/uploads\/2021\/01\/slovenia-300x200.jpg 300w\" sizes=\"(max-width: 600px) 100vw, 600px\" \/><\/figure>\n\n\n<figure class=\"wp-block-image size-large\"><img decoding=\"async\" width=\"600\" height=\"400\" data-id=\"2342\" src=\"https:\/\/www.sanmarinointernational.com\/wp-content\/uploads\/2021\/01\/bulgaria-sofia-2.jpg\" alt=\"\" class=\"wp-image-2342\" srcset=\"https:\/\/www.sanmarinointernational.com\/wp-content\/uploads\/2021\/01\/bulgaria-sofia-2.jpg 600w, https:\/\/www.sanmarinointernational.com\/wp-content\/uploads\/2021\/01\/bulgaria-sofia-2-300x200.jpg 300w\" sizes=\"(max-width: 600px) 100vw, 600px\" \/><\/figure>\n\n\n<figure class=\"wp-block-image size-large\"><img decoding=\"async\" width=\"1024\" height=\"767\" data-id=\"2385\" src=\"https:\/\/www.sanmarinointernational.com\/wp-content\/uploads\/2021\/01\/shutterstock_762676237-1024x767.jpg\" alt=\"\" class=\"wp-image-2385\" srcset=\"https:\/\/www.sanmarinointernational.com\/wp-content\/uploads\/2021\/01\/shutterstock_762676237-scaled.jpg 1024w, https:\/\/www.sanmarinointernational.com\/wp-content\/uploads\/2021\/01\/shutterstock_762676237-300x225.jpg 300w, https:\/\/www.sanmarinointernational.com\/wp-content\/uploads\/2021\/01\/shutterstock_762676237-768x576.jpg 768w, https:\/\/www.sanmarinointernational.com\/wp-content\/uploads\/2021\/01\/shutterstock_762676237-1536x1151.jpg 1536w, https:\/\/www.sanmarinointernational.com\/wp-content\/uploads\/2021\/01\/shutterstock_762676237-2048x1535.jpg 2048w\" sizes=\"(max-width: 1024px) 100vw, 1024px\" \/><\/figure>\n\n\n<figure class=\"wp-block-image size-large\"><img decoding=\"async\" width=\"768\" height=\"461\" data-id=\"1623\" src=\"https:\/\/www.sanmarinointernational.com\/wp-content\/uploads\/2020\/12\/Austria_Vienna_schonbrunn.jpg\" alt=\"\" class=\"wp-image-1623\" srcset=\"https:\/\/www.sanmarinointernational.com\/wp-content\/uploads\/2020\/12\/Austria_Vienna_schonbrunn.jpg 768w, https:\/\/www.sanmarinointernational.com\/wp-content\/uploads\/2020\/12\/Austria_Vienna_schonbrunn-300x180.jpg 300w\" sizes=\"(max-width: 768px) 100vw, 768px\" \/><\/figure>\n\n\n<figure class=\"wp-block-image size-large\"><img decoding=\"async\" width=\"768\" height=\"576\" data-id=\"1587\" src=\"https:\/\/www.sanmarinointernational.com\/wp-content\/uploads\/2020\/12\/Austria_Vienna_duomo_santo_stefano.jpg\" alt=\"\" class=\"wp-image-1587\" srcset=\"https:\/\/www.sanmarinointernational.com\/wp-content\/uploads\/2020\/12\/Austria_Vienna_duomo_santo_stefano.jpg 768w, https:\/\/www.sanmarinointernational.com\/wp-content\/uploads\/2020\/12\/Austria_Vienna_duomo_santo_stefano-300x225.jpg 300w\" sizes=\"(max-width: 768px) 100vw, 768px\" \/><\/figure>\n\n\n<figure class=\"wp-block-image size-large\"><img decoding=\"async\" width=\"1024\" height=\"682\" data-id=\"1774\" src=\"https:\/\/www.sanmarinointernational.com\/wp-content\/uploads\/2021\/01\/shutterstock_786016564_1-1024x682.jpg\" alt=\"\" class=\"wp-image-1774\" srcset=\"https:\/\/www.sanmarinointernational.com\/wp-content\/uploads\/2021\/01\/shutterstock_786016564_1.jpg 1024w, https:\/\/www.sanmarinointernational.com\/wp-content\/uploads\/2021\/01\/shutterstock_786016564_1-300x200.jpg 300w, https:\/\/www.sanmarinointernational.com\/wp-content\/uploads\/2021\/01\/shutterstock_786016564_1-768x512.jpg 768w\" sizes=\"(max-width: 1024px) 100vw, 1024px\" \/><\/figure>\n\n\n<figure class=\"wp-block-image size-large\"><img decoding=\"async\" width=\"1024\" height=\"682\" data-id=\"1753\" src=\"https:\/\/www.sanmarinointernational.com\/wp-content\/uploads\/2021\/01\/Belfast-1024x682.jpg\" alt=\"\" class=\"wp-image-1753\" srcset=\"https:\/\/www.sanmarinointernational.com\/wp-content\/uploads\/2021\/01\/Belfast.jpg 1024w, https:\/\/www.sanmarinointernational.com\/wp-content\/uploads\/2021\/01\/Belfast-300x200.jpg 300w, https:\/\/www.sanmarinointernational.com\/wp-content\/uploads\/2021\/01\/Belfast-768x512.jpg 768w\" sizes=\"(max-width: 1024px) 100vw, 1024px\" \/><\/figure>\n\n\n<figure class=\"wp-block-image size-large\"><img decoding=\"async\" width=\"1024\" height=\"682\" data-id=\"1839\" src=\"https:\/\/www.sanmarinointernational.com\/wp-content\/uploads\/2021\/01\/Brandenburger-Tor-1024x682.jpg\" alt=\"\" class=\"wp-image-1839\" srcset=\"https:\/\/www.sanmarinointernational.com\/wp-content\/uploads\/2021\/01\/Brandenburger-Tor.jpg 1024w, https:\/\/www.sanmarinointernational.com\/wp-content\/uploads\/2021\/01\/Brandenburger-Tor-300x200.jpg 300w, https:\/\/www.sanmarinointernational.com\/wp-content\/uploads\/2021\/01\/Brandenburger-Tor-768x512.jpg 768w\" sizes=\"(max-width: 1024px) 100vw, 1024px\" \/><\/figure>\n\n\n<figure class=\"wp-block-image size-large\"><img decoding=\"async\" width=\"1024\" height=\"683\" data-id=\"1903\" src=\"https:\/\/www.sanmarinointernational.com\/wp-content\/uploads\/2021\/01\/campi-di-lavanda-1024x683.jpg\" alt=\"\" class=\"wp-image-1903\" srcset=\"https:\/\/www.sanmarinointernational.com\/wp-content\/uploads\/2021\/01\/campi-di-lavanda.jpg 1024w, https:\/\/www.sanmarinointernational.com\/wp-content\/uploads\/2021\/01\/campi-di-lavanda-300x200.jpg 300w, https:\/\/www.sanmarinointernational.com\/wp-content\/uploads\/2021\/01\/campi-di-lavanda-768x512.jpg 768w\" sizes=\"(max-width: 1024px) 100vw, 1024px\" \/><\/figure>\n\n\n<figure class=\"wp-block-image size-large\"><img decoding=\"async\" width=\"1024\" height=\"682\" data-id=\"1956\" src=\"https:\/\/www.sanmarinointernational.com\/wp-content\/uploads\/2021\/01\/arc-de-triomphe-1024x682.jpg\" alt=\"\" class=\"wp-image-1956\" srcset=\"https:\/\/www.sanmarinointernational.com\/wp-content\/uploads\/2021\/01\/arc-de-triomphe.jpg 1024w, https:\/\/www.sanmarinointernational.com\/wp-content\/uploads\/2021\/01\/arc-de-triomphe-300x200.jpg 300w, https:\/\/www.sanmarinointernational.com\/wp-content\/uploads\/2021\/01\/arc-de-triomphe-768x512.jpg 768w\" sizes=\"(max-width: 1024px) 100vw, 1024px\" \/><figcaption>Arc de triomphe, Paris<\/figcaption><\/figure>\n\n\n<figure class=\"wp-block-image size-large\"><img decoding=\"async\" width=\"1024\" height=\"682\" data-id=\"2067\" src=\"https:\/\/www.sanmarinointernational.com\/wp-content\/uploads\/2021\/01\/annecy-1024x682.jpg\" alt=\"\" class=\"wp-image-2067\" srcset=\"https:\/\/www.sanmarinointernational.com\/wp-content\/uploads\/2021\/01\/annecy.jpg 1024w, https:\/\/www.sanmarinointernational.com\/wp-content\/uploads\/2021\/01\/annecy-300x200.jpg 300w, https:\/\/www.sanmarinointernational.com\/wp-content\/uploads\/2021\/01\/annecy-768x512.jpg 768w\" sizes=\"(max-width: 1024px) 100vw, 1024px\" \/><\/figure>\n\n\n<figure class=\"wp-block-image size-large\"><img decoding=\"async\" width=\"600\" height=\"400\" data-id=\"2160\" src=\"https:\/\/www.sanmarinointernational.com\/wp-content\/uploads\/2021\/01\/spagna-2.jpg\" alt=\"\" class=\"wp-image-2160\" srcset=\"https:\/\/www.sanmarinointernational.com\/wp-content\/uploads\/2021\/01\/spagna-2.jpg 600w, https:\/\/www.sanmarinointernational.com\/wp-content\/uploads\/2021\/01\/spagna-2-300x200.jpg 300w\" sizes=\"(max-width: 600px) 100vw, 600px\" \/><\/figure>\n\n\n<figure class=\"wp-block-image size-large\"><img decoding=\"async\" width=\"600\" height=\"400\" data-id=\"2178\" src=\"https:\/\/www.sanmarinointernational.com\/wp-content\/uploads\/2021\/01\/bosnia.jpg\" alt=\"\" class=\"wp-image-2178\" srcset=\"https:\/\/www.sanmarinointernational.com\/wp-content\/uploads\/2021\/01\/bosnia.jpg 600w, https:\/\/www.sanmarinointernational.com\/wp-content\/uploads\/2021\/01\/bosnia-300x200.jpg 300w\" sizes=\"(max-width: 600px) 100vw, 600px\" \/><\/figure><\/figure>\n\n<div style=\"height:100px\" aria-hidden=\"true\" class=\"wp-block-spacer\"><\/div>\n\n<h2 class=\"wp-block-heading\">Domande?<\/h2>\n<div class=\"wpforms-container wpforms-container-full wpforms-block\" id=\"wpforms-5667\"><form id=\"wpforms-form-5667\" class=\"wpforms-validate wpforms-form wpforms-ajax-form\" data-formid=\"5667\" method=\"post\" enctype=\"multipart\/form-data\" action=\"\/fr\/wp-json\/wp\/v2\/pages\/5701\" data-token=\"bf417debed81370adc55ca4fb284a515\" data-token-time=\"1777437764\"><div class=\"wpforms-head-container\"><div class=\"wpforms-title\">Modulo richiesta informazioni<\/div><\/div><noscript class=\"wpforms-error-noscript\">Veuillez activer JavaScript dans votre navigateur pour remplir ce formulaire.<\/noscript><div class=\"wpforms-field-container\"><div id=\"wpforms-5667-field_2-container\" class=\"wpforms-field wpforms-field-text\" data-field-id=\"2\"><label class=\"wpforms-field-label\" for=\"wpforms-5667-field_2\">Nominativo <span class=\"wpforms-required-label\">*<\/span><\/label><input type=\"text\" id=\"wpforms-5667-field_2\" class=\"wpforms-field-medium wpforms-field-required\" name=\"wpforms[fields][2]\" required><\/div><div id=\"wpforms-5667-field_3-container\" class=\"wpforms-field wpforms-field-email\" data-field-id=\"3\"><label class=\"wpforms-field-label\" for=\"wpforms-5667-field_3\">Email <span class=\"wpforms-required-label\">*<\/span><\/label><input type=\"email\" id=\"wpforms-5667-field_3\" class=\"wpforms-field-medium wpforms-field-required\" name=\"wpforms[fields][3]\" spellcheck=\"false\" required><\/div><div id=\"wpforms-5667-field_4-container\" class=\"wpforms-field wpforms-field-text\" data-field-id=\"4\"><label class=\"wpforms-field-label\" for=\"wpforms-5667-field_4\">Soggetto <span class=\"wpforms-required-label\">*<\/span><\/label><input type=\"text\" id=\"wpforms-5667-field_4\" class=\"wpforms-field-medium wpforms-field-required\" name=\"wpforms[fields][4]\" required><\/div><div id=\"wpforms-5667-field_5-container\" class=\"wpforms-field wpforms-field-textarea\" data-field-id=\"5\"><label class=\"wpforms-field-label\" for=\"wpforms-5667-field_5\">Messaggio<\/label><textarea id=\"wpforms-5667-field_5\" class=\"wpforms-field-medium\" name=\"wpforms[fields][5]\" ><\/textarea><\/div><\/div><!-- .wpforms-field-container --><div class=\"wpforms-recaptcha-container wpforms-is-recaptcha wpforms-is-recaptcha-type-v2\" ><div class=\"g-recaptcha\" data-sitekey=\"6LfomDwfAAAAAFGiQdT_E5s6YQfqK9PnAaJoW4gR\"><\/div><input type=\"text\" name=\"g-recaptcha-hidden\" class=\"wpforms-recaptcha-hidden\" style=\"position:absolute!important;clip:rect(0,0,0,0)!important;height:1px!important;width:1px!important;border:0!important;overflow:hidden!important;padding:0!important;margin:0!important;\" data-rule-recaptcha=\"1\"><\/div><div class=\"wpforms-submit-container\" ><input type=\"hidden\" name=\"wpforms[id]\" value=\"5667\"><input type=\"hidden\" name=\"page_title\" value=\"\"><input type=\"hidden\" name=\"page_url\" value=\"https:\/\/www.sanmarinointernational.com\/fr\/wp-json\/wp\/v2\/pages\/5701\"><input type=\"hidden\" name=\"url_referer\" value=\"\"><button type=\"submit\" name=\"wpforms[submit]\" id=\"wpforms-submit-5667\" class=\"wpforms-submit\" data-alt-text=\"Invio in corso...\" data-submit-text=\"Invia\" aria-live=\"assertive\" value=\"wpforms-submit\">Invia<\/button><img decoding=\"async\" src=\"https:\/\/www.sanmarinointernational.com\/wp-content\/plugins\/wpforms-lite\/assets\/images\/submit-spin.svg\" class=\"wpforms-submit-spinner\" style=\"display: none;\" width=\"26\" height=\"26\" alt=\"Chargement en cours\"><\/div><\/form><\/div>  <!-- .wpforms-container -->","protected":false},"excerpt":{"rendered":"<p>L&#8217;Europe d&#8217;Ouest en Est, les destinations classiques et nouvelles. Pour tout ce que vous recherchez, notre personnel est pr\u00eat \u00e0 vous sugg\u00e9rer une destination dans des installations soigneusement s\u00e9lectionn\u00e9es et v\u00e9rifi\u00e9es par notre \u00e9quipe de professionnels.<\/p>\n","protected":false},"author":1,"featured_media":0,"parent":0,"menu_order":0,"comment_status":"closed","ping_status":"closed","template":"","meta":{"content-type":"","_uag_custom_page_level_css":"","footnotes":""},"class_list":["post-5701","page","type-page","status-publish","hentry"],"yoast_head":"<!-- This site is optimized with the Yoast SEO plugin v27.5 - https:\/\/yoast.com\/product\/yoast-seo-wordpress\/ -->\n<title>Europe - San Marino International<\/title>\n<meta name=\"description\" content=\"Tour Operator gruppi Italia ed Europa\" \/>\n<meta name=\"robots\" content=\"index, follow, max-snippet:-1, max-image-preview:large, max-video-preview:-1\" \/>\n<link rel=\"canonical\" href=\"https:\/\/www.sanmarinointernational.com\/fr\/europe\/\" \/>\n<meta property=\"og:locale\" content=\"fr_FR\" \/>\n<meta property=\"og:type\" content=\"article\" \/>\n<meta property=\"og:title\" content=\"Europe - San Marino International\" \/>\n<meta property=\"og:description\" content=\"Tour Operator gruppi Italia ed Europa\" \/>\n<meta property=\"og:url\" content=\"https:\/\/www.sanmarinointernational.com\/fr\/europe\/\" \/>\n<meta property=\"og:site_name\" content=\"San Marino International\" \/>\n<meta property=\"article:publisher\" content=\"https:\/\/www.facebook.com\/internationalrsm\" \/>\n<meta property=\"article:modified_time\" content=\"2022-08-17T17:43:15+00:00\" \/>\n<meta property=\"og:image\" content=\"https:\/\/www.sanmarinointernational.com\/wp-content\/uploads\/2021\/01\/russia.jpg\" \/>\n<meta name=\"twitter:card\" content=\"summary_large_image\" \/>\n<script type=\"application\/ld+json\" class=\"yoast-schema-graph\">{\"@context\":\"https:\\\/\\\/schema.org\",\"@graph\":[{\"@type\":\"WebPage\",\"@id\":\"https:\\\/\\\/www.sanmarinointernational.com\\\/fr\\\/europe\\\/\",\"url\":\"https:\\\/\\\/www.sanmarinointernational.com\\\/fr\\\/europe\\\/\",\"name\":\"Europe - San Marino International\",\"isPartOf\":{\"@id\":\"https:\\\/\\\/www.sanmarinointernational.com\\\/fr\\\/#website\"},\"primaryImageOfPage\":{\"@id\":\"https:\\\/\\\/www.sanmarinointernational.com\\\/fr\\\/europe\\\/#primaryimage\"},\"image\":{\"@id\":\"https:\\\/\\\/www.sanmarinointernational.com\\\/fr\\\/europe\\\/#primaryimage\"},\"thumbnailUrl\":\"https:\\\/\\\/www.sanmarinointernational.com\\\/wp-content\\\/uploads\\\/2021\\\/01\\\/russia.jpg\",\"datePublished\":\"2022-06-29T15:33:32+00:00\",\"dateModified\":\"2022-08-17T17:43:15+00:00\",\"description\":\"Tour Operator gruppi Italia ed Europa\",\"breadcrumb\":{\"@id\":\"https:\\\/\\\/www.sanmarinointernational.com\\\/fr\\\/europe\\\/#breadcrumb\"},\"inLanguage\":\"fr-FR\",\"potentialAction\":[{\"@type\":\"ReadAction\",\"target\":[\"https:\\\/\\\/www.sanmarinointernational.com\\\/fr\\\/europe\\\/\"]}]},{\"@type\":\"ImageObject\",\"inLanguage\":\"fr-FR\",\"@id\":\"https:\\\/\\\/www.sanmarinointernational.com\\\/fr\\\/europe\\\/#primaryimage\",\"url\":\"https:\\\/\\\/www.sanmarinointernational.com\\\/wp-content\\\/uploads\\\/2021\\\/01\\\/russia.jpg\",\"contentUrl\":\"https:\\\/\\\/www.sanmarinointernational.com\\\/wp-content\\\/uploads\\\/2021\\\/01\\\/russia.jpg\"},{\"@type\":\"BreadcrumbList\",\"@id\":\"https:\\\/\\\/www.sanmarinointernational.com\\\/fr\\\/europe\\\/#breadcrumb\",\"itemListElement\":[{\"@type\":\"ListItem\",\"position\":1,\"name\":\"Home\",\"item\":\"https:\\\/\\\/www.sanmarinointernational.com\\\/fr\\\/\"},{\"@type\":\"ListItem\",\"position\":2,\"name\":\"Europe\"}]},{\"@type\":\"WebSite\",\"@id\":\"https:\\\/\\\/www.sanmarinointernational.com\\\/fr\\\/#website\",\"url\":\"https:\\\/\\\/www.sanmarinointernational.com\\\/fr\\\/\",\"name\":\"San Marino International\",\"description\":\"Solo Gruppi Italia Europa\",\"publisher\":{\"@id\":\"https:\\\/\\\/www.sanmarinointernational.com\\\/fr\\\/#organization\"},\"potentialAction\":[{\"@type\":\"SearchAction\",\"target\":{\"@type\":\"EntryPoint\",\"urlTemplate\":\"https:\\\/\\\/www.sanmarinointernational.com\\\/fr\\\/?s={search_term_string}\"},\"query-input\":{\"@type\":\"PropertyValueSpecification\",\"valueRequired\":true,\"valueName\":\"search_term_string\"}}],\"inLanguage\":\"fr-FR\"},{\"@type\":\"Organization\",\"@id\":\"https:\\\/\\\/www.sanmarinointernational.com\\\/fr\\\/#organization\",\"name\":\"San Marino International srl\",\"url\":\"https:\\\/\\\/www.sanmarinointernational.com\\\/fr\\\/\",\"logo\":{\"@type\":\"ImageObject\",\"inLanguage\":\"fr-FR\",\"@id\":\"https:\\\/\\\/www.sanmarinointernational.com\\\/fr\\\/#\\\/schema\\\/logo\\\/image\\\/\",\"url\":\"https:\\\/\\\/www.sanmarinointernational.com\\\/wp-content\\\/uploads\\\/2020\\\/11\\\/CompletoTavola-disegno-2144.png\",\"contentUrl\":\"https:\\\/\\\/www.sanmarinointernational.com\\\/wp-content\\\/uploads\\\/2020\\\/11\\\/CompletoTavola-disegno-2144.png\",\"width\":121,\"height\":144,\"caption\":\"San Marino International srl\"},\"image\":{\"@id\":\"https:\\\/\\\/www.sanmarinointernational.com\\\/fr\\\/#\\\/schema\\\/logo\\\/image\\\/\"},\"sameAs\":[\"https:\\\/\\\/www.facebook.com\\\/internationalrsm\",\"https:\\\/\\\/www.instagram.com\\\/sanmarinointernational\\\/\",\"https:\\\/\\\/www.linkedin.com\\\/company\\\/san-marino-international\\\/\"]}]}<\/script>\n<!-- \/ Yoast SEO plugin. -->","yoast_head_json":{"title":"Europe - San Marino International","description":"Tour Operator gruppi Italia ed Europa","robots":{"index":"index","follow":"follow","max-snippet":"max-snippet:-1","max-image-preview":"max-image-preview:large","max-video-preview":"max-video-preview:-1"},"canonical":"https:\/\/www.sanmarinointernational.com\/fr\/europe\/","og_locale":"fr_FR","og_type":"article","og_title":"Europe - San Marino International","og_description":"Tour Operator gruppi Italia ed Europa","og_url":"https:\/\/www.sanmarinointernational.com\/fr\/europe\/","og_site_name":"San Marino International","article_publisher":"https:\/\/www.facebook.com\/internationalrsm","article_modified_time":"2022-08-17T17:43:15+00:00","og_image":[{"url":"https:\/\/www.sanmarinointernational.com\/wp-content\/uploads\/2021\/01\/russia.jpg","type":"","width":"","height":""}],"twitter_card":"summary_large_image","schema":{"@context":"https:\/\/schema.org","@graph":[{"@type":"WebPage","@id":"https:\/\/www.sanmarinointernational.com\/fr\/europe\/","url":"https:\/\/www.sanmarinointernational.com\/fr\/europe\/","name":"Europe - San Marino International","isPartOf":{"@id":"https:\/\/www.sanmarinointernational.com\/fr\/#website"},"primaryImageOfPage":{"@id":"https:\/\/www.sanmarinointernational.com\/fr\/europe\/#primaryimage"},"image":{"@id":"https:\/\/www.sanmarinointernational.com\/fr\/europe\/#primaryimage"},"thumbnailUrl":"https:\/\/www.sanmarinointernational.com\/wp-content\/uploads\/2021\/01\/russia.jpg","datePublished":"2022-06-29T15:33:32+00:00","dateModified":"2022-08-17T17:43:15+00:00","description":"Tour Operator gruppi Italia ed Europa","breadcrumb":{"@id":"https:\/\/www.sanmarinointernational.com\/fr\/europe\/#breadcrumb"},"inLanguage":"fr-FR","potentialAction":[{"@type":"ReadAction","target":["https:\/\/www.sanmarinointernational.com\/fr\/europe\/"]}]},{"@type":"ImageObject","inLanguage":"fr-FR","@id":"https:\/\/www.sanmarinointernational.com\/fr\/europe\/#primaryimage","url":"https:\/\/www.sanmarinointernational.com\/wp-content\/uploads\/2021\/01\/russia.jpg","contentUrl":"https:\/\/www.sanmarinointernational.com\/wp-content\/uploads\/2021\/01\/russia.jpg"},{"@type":"BreadcrumbList","@id":"https:\/\/www.sanmarinointernational.com\/fr\/europe\/#breadcrumb","itemListElement":[{"@type":"ListItem","position":1,"name":"Home","item":"https:\/\/www.sanmarinointernational.com\/fr\/"},{"@type":"ListItem","position":2,"name":"Europe"}]},{"@type":"WebSite","@id":"https:\/\/www.sanmarinointernational.com\/fr\/#website","url":"https:\/\/www.sanmarinointernational.com\/fr\/","name":"San Marino International","description":"Solo Gruppi Italia Europa","publisher":{"@id":"https:\/\/www.sanmarinointernational.com\/fr\/#organization"},"potentialAction":[{"@type":"SearchAction","target":{"@type":"EntryPoint","urlTemplate":"https:\/\/www.sanmarinointernational.com\/fr\/?s={search_term_string}"},"query-input":{"@type":"PropertyValueSpecification","valueRequired":true,"valueName":"search_term_string"}}],"inLanguage":"fr-FR"},{"@type":"Organization","@id":"https:\/\/www.sanmarinointernational.com\/fr\/#organization","name":"San Marino International srl","url":"https:\/\/www.sanmarinointernational.com\/fr\/","logo":{"@type":"ImageObject","inLanguage":"fr-FR","@id":"https:\/\/www.sanmarinointernational.com\/fr\/#\/schema\/logo\/image\/","url":"https:\/\/www.sanmarinointernational.com\/wp-content\/uploads\/2020\/11\/CompletoTavola-disegno-2144.png","contentUrl":"https:\/\/www.sanmarinointernational.com\/wp-content\/uploads\/2020\/11\/CompletoTavola-disegno-2144.png","width":121,"height":144,"caption":"San Marino International srl"},"image":{"@id":"https:\/\/www.sanmarinointernational.com\/fr\/#\/schema\/logo\/image\/"},"sameAs":["https:\/\/www.facebook.com\/internationalrsm","https:\/\/www.instagram.com\/sanmarinointernational\/","https:\/\/www.linkedin.com\/company\/san-marino-international\/"]}]}},"uagb_featured_image_src":{"full":false,"thumbnail":false,"medium":false,"medium_large":false,"large":false,"1536x1536":false,"2048x2048":false},"uagb_author_info":{"display_name":"SMI","author_link":"https:\/\/www.sanmarinointernational.com\/fr\/author\/admin2417\/"},"uagb_comment_info":0,"uagb_excerpt":"L&#8217;Europe d&#8217;Ouest en Est, les destinations classiques et nouvelles. Pour tout ce que vous recherchez, notre personnel est pr\u00eat \u00e0 vous sugg\u00e9rer une destination dans des installations soigneusement s\u00e9lectionn\u00e9es et v\u00e9rifi\u00e9es par notre \u00e9quipe de professionnels.","_links":{"self":[{"href":"https:\/\/www.sanmarinointernational.com\/fr\/wp-json\/wp\/v2\/pages\/5701","targetHints":{"allow":["GET"]}}],"collection":[{"href":"https:\/\/www.sanmarinointernational.com\/fr\/wp-json\/wp\/v2\/pages"}],"about":[{"href":"https:\/\/www.sanmarinointernational.com\/fr\/wp-json\/wp\/v2\/types\/page"}],"author":[{"embeddable":true,"href":"https:\/\/www.sanmarinointernational.com\/fr\/wp-json\/wp\/v2\/users\/1"}],"replies":[{"embeddable":true,"href":"https:\/\/www.sanmarinointernational.com\/fr\/wp-json\/wp\/v2\/comments?post=5701"}],"version-history":[{"count":0,"href":"https:\/\/www.sanmarinointernational.com\/fr\/wp-json\/wp\/v2\/pages\/5701\/revisions"}],"wp:attachment":[{"href":"https:\/\/www.sanmarinointernational.com\/fr\/wp-json\/wp\/v2\/media?parent=5701"}],"curies":[{"name":"wp","href":"https:\/\/api.w.org\/{rel}","templated":true}]}}