{"id":5593,"date":"2022-02-19T09:34:30","date_gmt":"2022-02-19T08:34:30","guid":{"rendered":"https:\/\/www.sanmarinointernational.com\/simplified-privacy-policy-of-sanmarinointernational-com\/"},"modified":"2022-02-19T10:14:32","modified_gmt":"2022-02-19T09:14:32","slug":"simplified-privacy-policy-of-sanmarinointernational-com","status":"publish","type":"page","link":"https:\/\/www.sanmarinointernational.com\/fr\/simplified-privacy-policy-of-sanmarinointernational-com\/","title":{"rendered":"Politique de confidentialit\u00e9 simplifi\u00e9"},"content":{"rendered":"\n<h1 class=\"wp-block-heading\" id=\"politique-de-confidentialite-simplifie-de-sanmarinointernational-com\">Politique de confidentialit\u00e9 simplifi\u00e9 de sanmarinointernational.com<\/h1>\n\n\n\n<p>Ce site Web collecte certaines Donn\u00e9es personnelles de ses Utilisateurs.<\/p>\n\n\n\n<h2 class=\"wp-block-heading\" id=\"donnees-personnelles-collectees-pour-les-raisons-suivantes-et-en-utilisant-les-services-suivants\">Donn\u00e9es personnelles collect\u00e9es pour les raisons suivantes et en utilisant les services suivants :<\/h2>\n\n\n\n<div class=\"wp-block-columns is-layout-flex wp-container-core-columns-is-layout-9d6595d7 wp-block-columns-is-layout-flex\">\n<div class=\"wp-block-column is-layout-flow wp-block-column-is-layout-flow\">\n<h3 class=\"wp-block-heading\" id=\"analyses\"><img decoding=\"async\" width=\"24\" height=\"24\" class=\"wp-image-5545\" style=\"width: 24px;\" src=\"http:\/\/www.sanmarinointernational.com\/wp-content\/uploads\/2022\/02\/index.png\" alt=\"\"> Analyses<\/h3>\n\n\n\n<h4 class=\"wp-block-heading\" id=\"systeme-d-analyse-interne\">Syst\u00e8me d&#8217;analyse interne<\/h4>\n\n\n\n<p>Donn\u00e9es personnelles : Cookies; Donn\u00e9es d&#8217;utilisation<\/p>\n\n\n\n<div class=\"wp-block-group alignwide\"><div class=\"wp-block-group__inner-container is-layout-flow wp-block-group-is-layout-flow\">\n<div class=\"wp-block-group alignwide\"><div class=\"wp-block-group__inner-container is-layout-flow wp-block-group-is-layout-flow\">\n<h3 class=\"wp-block-heading\" id=\"enregistrement-et-authentification-fournis-directement-par-ce-site-web\"><img decoding=\"async\" width=\"24\" height=\"24\" class=\"wp-image-5566\" style=\"width: 24px;\" src=\"http:\/\/www.sanmarinointernational.com\/wp-content\/uploads\/2022\/02\/sheet.png\" alt=\"\"> Enregistrement et authentification fournis directement par ce site Web<\/h3>\n\n\n\n<h4 class=\"wp-block-heading\" id=\"inscription-directe\">Inscription directe<\/h4>\n\n\n\n<p>Donn\u00e9es personnelles : adresse \u00e9lectronique; Code de la TVA; mot de passe; nom d&#8217;Utilisateur; nom de famille; nom de la soci\u00e9t\u00e9; num\u00e9ro de t\u00e9l\u00e9phone; pr\u00e9nom<\/p>\n<\/div><\/div>\n<\/div><\/div>\n<\/div>\n\n\n\n<div class=\"wp-block-column is-layout-flow wp-block-column-is-layout-flow\">\n<h3 class=\"wp-block-heading\" id=\"contacter-l-utilisateur\"><img decoding=\"async\" width=\"24\" height=\"24\" class=\"wp-image-5554\" style=\"width: 24px;\" src=\"http:\/\/www.sanmarinointernational.com\/wp-content\/uploads\/2022\/02\/mail.png\" alt=\"\"> Contacter l&#8217;Utilisateur<\/h3>\n\n\n\n<h4 class=\"wp-block-heading\" id=\"contact-telephonique\">Contact t\u00e9l\u00e9phonique<\/h4>\n\n\n\n<p>Donn\u00e9es personnelles : num\u00e9ro de t\u00e9l\u00e9phone<\/p>\n\n\n\n<h4 class=\"wp-block-heading\" id=\"formulaire-de-contact\">Formulaire de contact<\/h4>\n\n\n\n<p>Donn\u00e9es personnelles : adresse \u00e9lectronique; nom de famille; num\u00e9ro de t\u00e9l\u00e9phone; pr\u00e9nom<\/p>\n<\/div>\n<\/div>\n\n\n\n<h2 class=\"wp-block-heading\" id=\"autres-informations-sur-les-donnees-personnelles\">Autres informations sur les Donn\u00e9es personnelles<\/h2>\n\n\n\n<h3 class=\"wp-block-heading\" id=\"analyse-et-predictions-basees-sur-les-donnees-de-l-utilisateur-profilage\"><img decoding=\"async\" width=\"24\" height=\"24\" class=\"wp-image-5566\" style=\"width: 24px;\" src=\"http:\/\/www.sanmarinointernational.com\/wp-content\/uploads\/2022\/02\/sheet.png\" alt=\"\"> Analyse et pr\u00e9dictions bas\u00e9es sur les Donn\u00e9es de l&#8217;Utilisateur (\u00ab&nbsp;profilage&nbsp;\u00bb)<\/h3>\n\n\n\n<p>Le Propri\u00e9taire peut utiliser les Donn\u00e9es personnelles et d&#8217;utilisation collect\u00e9es par ce site Web pour cr\u00e9er ou mettre \u00e0 jour des profils Utilisateur. Ce type de traitement de Donn\u00e9es permet au Propri\u00e9taire d&#8217;\u00e9valuer les choix de l&#8217;Utilisateur, ses pr\u00e9f\u00e9rences et son comportement pour les finalit\u00e9s d\u00e9crites dans la section correspondante du pr\u00e9sent document.<br>Des profils Utilisateur peuvent \u00e9galement \u00eatre cr\u00e9\u00e9s gr\u00e2ce \u00e0 l&#8217;utilisation d&#8217;outils automatis\u00e9s tels que des algorithmes, qui peuvent \u00e9galement \u00eatre fournis par des tiers. Pour en savoir plus sur les activit\u00e9s de profilage effectu\u00e9es, les Utilisateurs peuvent v\u00e9rifier les sections correspondantes du pr\u00e9sent document.<br>L&#8217;Utilisateur a toujours le droit de s&#8217;opposer \u00e0 ce type d&#8217;activit\u00e9 de profilage. Pour en savoir plus sur les droits de l&#8217;Utilisateur et la fa\u00e7on de les exercer, ce dernier est invit\u00e9 \u00e0 consulter la section de ce document d\u00e9crivant les droits de l&#8217;Utilisateur.<\/p>\n\n\n\n<h2 class=\"wp-block-heading\" id=\"coordonnees\"><img decoding=\"async\" width=\"24\" height=\"24\" class=\"wp-image-5560\" style=\"width: 24px;\" src=\"http:\/\/www.sanmarinointernational.com\/wp-content\/uploads\/2022\/02\/person.png\" alt=\"\"> Coordonn\u00e9es<\/h2>\n\n\n\n<h3 class=\"wp-block-heading\" id=\"proprietaire-et-responsable-du-traitement\">Propri\u00e9taire et Responsable du traitement<\/h3>\n\n\n\n<p>San Marino International SRL &#8211; Via Onesto Scavino, 10, 47891 Falciano (RSM)<\/p>\n\n\n\n<h3 class=\"wp-block-heading\" id=\"courriel-de-contact-du-proprietaire\"><strong><strong><strong>Courriel de contact du Propri\u00e9taire<\/strong><\/strong><\/strong>:<\/h3>\n\n\n\n<p>info@sanmarinointernational.com<\/p>\n\n\n\n<p class=\"has-text-align-right\"><a href=\"https:\/\/www.sanmarinointernational.com\/fr\/privacy-policy\/\">Voir la Politique de confidentialit\u00e9 compl\u00e8te<\/a><\/p>\n","protected":false},"excerpt":{"rendered":"<p>Politique de confidentialit\u00e9 simplifi\u00e9 de sanmarinointernational.com Ce site Web collecte certaines Donn\u00e9es personnelles de ses Utilisateurs. Donn\u00e9es personnelles collect\u00e9es pour les raisons suivantes et en utilisant les services suivants : Analyses Syst\u00e8me d&#8217;analyse interne Donn\u00e9es personnelles.<\/p>\n","protected":false},"author":1,"featured_media":0,"parent":0,"menu_order":0,"comment_status":"closed","ping_status":"closed","template":"","meta":{"content-type":"","_uag_custom_page_level_css":"","footnotes":""},"class_list":["post-5593","page","type-page","status-publish","hentry"],"yoast_head":"<!-- This site is optimized with the Yoast SEO plugin v27.4 - https:\/\/yoast.com\/product\/yoast-seo-wordpress\/ -->\n<title>Politique de confidentialit\u00e9 simplifi\u00e9 - San Marino International<\/title>\n<meta name=\"description\" content=\"Tour Operator gruppi Italia ed Europa\" \/>\n<meta name=\"robots\" content=\"index, follow, max-snippet:-1, max-image-preview:large, max-video-preview:-1\" \/>\n<link rel=\"canonical\" href=\"https:\/\/www.sanmarinointernational.com\/fr\/simplified-privacy-policy-of-sanmarinointernational-com\/\" \/>\n<meta property=\"og:locale\" content=\"fr_FR\" \/>\n<meta property=\"og:type\" content=\"article\" \/>\n<meta property=\"og:title\" content=\"Politique de confidentialit\u00e9 simplifi\u00e9 - San Marino International\" \/>\n<meta property=\"og:description\" content=\"Tour Operator gruppi Italia ed Europa\" \/>\n<meta property=\"og:url\" content=\"https:\/\/www.sanmarinointernational.com\/fr\/simplified-privacy-policy-of-sanmarinointernational-com\/\" \/>\n<meta property=\"og:site_name\" content=\"San Marino International\" \/>\n<meta property=\"article:publisher\" content=\"https:\/\/www.facebook.com\/internationalrsm\" \/>\n<meta property=\"article:modified_time\" content=\"2022-02-19T09:14:32+00:00\" \/>\n<meta property=\"og:image\" content=\"http:\/\/www.sanmarinointernational.com\/wp-content\/uploads\/2022\/02\/index.png\" \/>\n<meta name=\"twitter:card\" content=\"summary_large_image\" \/>\n<script type=\"application\/ld+json\" class=\"yoast-schema-graph\">{\"@context\":\"https:\\\/\\\/schema.org\",\"@graph\":[{\"@type\":\"WebPage\",\"@id\":\"https:\\\/\\\/www.sanmarinointernational.com\\\/fr\\\/simplified-privacy-policy-of-sanmarinointernational-com\\\/\",\"url\":\"https:\\\/\\\/www.sanmarinointernational.com\\\/fr\\\/simplified-privacy-policy-of-sanmarinointernational-com\\\/\",\"name\":\"Politique de confidentialit\u00e9 simplifi\u00e9 - San Marino International\",\"isPartOf\":{\"@id\":\"https:\\\/\\\/www.sanmarinointernational.com\\\/fr\\\/#website\"},\"primaryImageOfPage\":{\"@id\":\"https:\\\/\\\/www.sanmarinointernational.com\\\/fr\\\/simplified-privacy-policy-of-sanmarinointernational-com\\\/#primaryimage\"},\"image\":{\"@id\":\"https:\\\/\\\/www.sanmarinointernational.com\\\/fr\\\/simplified-privacy-policy-of-sanmarinointernational-com\\\/#primaryimage\"},\"thumbnailUrl\":\"http:\\\/\\\/www.sanmarinointernational.com\\\/wp-content\\\/uploads\\\/2022\\\/02\\\/index.png\",\"datePublished\":\"2022-02-19T08:34:30+00:00\",\"dateModified\":\"2022-02-19T09:14:32+00:00\",\"description\":\"Tour Operator gruppi Italia ed Europa\",\"breadcrumb\":{\"@id\":\"https:\\\/\\\/www.sanmarinointernational.com\\\/fr\\\/simplified-privacy-policy-of-sanmarinointernational-com\\\/#breadcrumb\"},\"inLanguage\":\"fr-FR\",\"potentialAction\":[{\"@type\":\"ReadAction\",\"target\":[\"https:\\\/\\\/www.sanmarinointernational.com\\\/fr\\\/simplified-privacy-policy-of-sanmarinointernational-com\\\/\"]}]},{\"@type\":\"ImageObject\",\"inLanguage\":\"fr-FR\",\"@id\":\"https:\\\/\\\/www.sanmarinointernational.com\\\/fr\\\/simplified-privacy-policy-of-sanmarinointernational-com\\\/#primaryimage\",\"url\":\"http:\\\/\\\/www.sanmarinointernational.com\\\/wp-content\\\/uploads\\\/2022\\\/02\\\/index.png\",\"contentUrl\":\"http:\\\/\\\/www.sanmarinointernational.com\\\/wp-content\\\/uploads\\\/2022\\\/02\\\/index.png\"},{\"@type\":\"BreadcrumbList\",\"@id\":\"https:\\\/\\\/www.sanmarinointernational.com\\\/fr\\\/simplified-privacy-policy-of-sanmarinointernational-com\\\/#breadcrumb\",\"itemListElement\":[{\"@type\":\"ListItem\",\"position\":1,\"name\":\"Home\",\"item\":\"https:\\\/\\\/www.sanmarinointernational.com\\\/fr\\\/\"},{\"@type\":\"ListItem\",\"position\":2,\"name\":\"Politique de confidentialit\u00e9 simplifi\u00e9\"}]},{\"@type\":\"WebSite\",\"@id\":\"https:\\\/\\\/www.sanmarinointernational.com\\\/fr\\\/#website\",\"url\":\"https:\\\/\\\/www.sanmarinointernational.com\\\/fr\\\/\",\"name\":\"San Marino International\",\"description\":\"Solo Gruppi Italia Europa\",\"publisher\":{\"@id\":\"https:\\\/\\\/www.sanmarinointernational.com\\\/fr\\\/#organization\"},\"potentialAction\":[{\"@type\":\"SearchAction\",\"target\":{\"@type\":\"EntryPoint\",\"urlTemplate\":\"https:\\\/\\\/www.sanmarinointernational.com\\\/fr\\\/?s={search_term_string}\"},\"query-input\":{\"@type\":\"PropertyValueSpecification\",\"valueRequired\":true,\"valueName\":\"search_term_string\"}}],\"inLanguage\":\"fr-FR\"},{\"@type\":\"Organization\",\"@id\":\"https:\\\/\\\/www.sanmarinointernational.com\\\/fr\\\/#organization\",\"name\":\"San Marino International srl\",\"url\":\"https:\\\/\\\/www.sanmarinointernational.com\\\/fr\\\/\",\"logo\":{\"@type\":\"ImageObject\",\"inLanguage\":\"fr-FR\",\"@id\":\"https:\\\/\\\/www.sanmarinointernational.com\\\/fr\\\/#\\\/schema\\\/logo\\\/image\\\/\",\"url\":\"https:\\\/\\\/www.sanmarinointernational.com\\\/wp-content\\\/uploads\\\/2020\\\/11\\\/CompletoTavola-disegno-2144.png\",\"contentUrl\":\"https:\\\/\\\/www.sanmarinointernational.com\\\/wp-content\\\/uploads\\\/2020\\\/11\\\/CompletoTavola-disegno-2144.png\",\"width\":121,\"height\":144,\"caption\":\"San Marino International srl\"},\"image\":{\"@id\":\"https:\\\/\\\/www.sanmarinointernational.com\\\/fr\\\/#\\\/schema\\\/logo\\\/image\\\/\"},\"sameAs\":[\"https:\\\/\\\/www.facebook.com\\\/internationalrsm\",\"https:\\\/\\\/www.instagram.com\\\/sanmarinointernational\\\/\",\"https:\\\/\\\/www.linkedin.com\\\/company\\\/san-marino-international\\\/\"]}]}<\/script>\n<!-- \/ Yoast SEO plugin. -->","yoast_head_json":{"title":"Politique de confidentialit\u00e9 simplifi\u00e9 - San Marino International","description":"Tour Operator gruppi Italia ed Europa","robots":{"index":"index","follow":"follow","max-snippet":"max-snippet:-1","max-image-preview":"max-image-preview:large","max-video-preview":"max-video-preview:-1"},"canonical":"https:\/\/www.sanmarinointernational.com\/fr\/simplified-privacy-policy-of-sanmarinointernational-com\/","og_locale":"fr_FR","og_type":"article","og_title":"Politique de confidentialit\u00e9 simplifi\u00e9 - San Marino International","og_description":"Tour Operator gruppi Italia ed Europa","og_url":"https:\/\/www.sanmarinointernational.com\/fr\/simplified-privacy-policy-of-sanmarinointernational-com\/","og_site_name":"San Marino International","article_publisher":"https:\/\/www.facebook.com\/internationalrsm","article_modified_time":"2022-02-19T09:14:32+00:00","og_image":[{"url":"http:\/\/www.sanmarinointernational.com\/wp-content\/uploads\/2022\/02\/index.png","type":"","width":"","height":""}],"twitter_card":"summary_large_image","schema":{"@context":"https:\/\/schema.org","@graph":[{"@type":"WebPage","@id":"https:\/\/www.sanmarinointernational.com\/fr\/simplified-privacy-policy-of-sanmarinointernational-com\/","url":"https:\/\/www.sanmarinointernational.com\/fr\/simplified-privacy-policy-of-sanmarinointernational-com\/","name":"Politique de confidentialit\u00e9 simplifi\u00e9 - San Marino International","isPartOf":{"@id":"https:\/\/www.sanmarinointernational.com\/fr\/#website"},"primaryImageOfPage":{"@id":"https:\/\/www.sanmarinointernational.com\/fr\/simplified-privacy-policy-of-sanmarinointernational-com\/#primaryimage"},"image":{"@id":"https:\/\/www.sanmarinointernational.com\/fr\/simplified-privacy-policy-of-sanmarinointernational-com\/#primaryimage"},"thumbnailUrl":"http:\/\/www.sanmarinointernational.com\/wp-content\/uploads\/2022\/02\/index.png","datePublished":"2022-02-19T08:34:30+00:00","dateModified":"2022-02-19T09:14:32+00:00","description":"Tour Operator gruppi Italia ed Europa","breadcrumb":{"@id":"https:\/\/www.sanmarinointernational.com\/fr\/simplified-privacy-policy-of-sanmarinointernational-com\/#breadcrumb"},"inLanguage":"fr-FR","potentialAction":[{"@type":"ReadAction","target":["https:\/\/www.sanmarinointernational.com\/fr\/simplified-privacy-policy-of-sanmarinointernational-com\/"]}]},{"@type":"ImageObject","inLanguage":"fr-FR","@id":"https:\/\/www.sanmarinointernational.com\/fr\/simplified-privacy-policy-of-sanmarinointernational-com\/#primaryimage","url":"http:\/\/www.sanmarinointernational.com\/wp-content\/uploads\/2022\/02\/index.png","contentUrl":"http:\/\/www.sanmarinointernational.com\/wp-content\/uploads\/2022\/02\/index.png"},{"@type":"BreadcrumbList","@id":"https:\/\/www.sanmarinointernational.com\/fr\/simplified-privacy-policy-of-sanmarinointernational-com\/#breadcrumb","itemListElement":[{"@type":"ListItem","position":1,"name":"Home","item":"https:\/\/www.sanmarinointernational.com\/fr\/"},{"@type":"ListItem","position":2,"name":"Politique de confidentialit\u00e9 simplifi\u00e9"}]},{"@type":"WebSite","@id":"https:\/\/www.sanmarinointernational.com\/fr\/#website","url":"https:\/\/www.sanmarinointernational.com\/fr\/","name":"San Marino International","description":"Solo Gruppi Italia Europa","publisher":{"@id":"https:\/\/www.sanmarinointernational.com\/fr\/#organization"},"potentialAction":[{"@type":"SearchAction","target":{"@type":"EntryPoint","urlTemplate":"https:\/\/www.sanmarinointernational.com\/fr\/?s={search_term_string}"},"query-input":{"@type":"PropertyValueSpecification","valueRequired":true,"valueName":"search_term_string"}}],"inLanguage":"fr-FR"},{"@type":"Organization","@id":"https:\/\/www.sanmarinointernational.com\/fr\/#organization","name":"San Marino International srl","url":"https:\/\/www.sanmarinointernational.com\/fr\/","logo":{"@type":"ImageObject","inLanguage":"fr-FR","@id":"https:\/\/www.sanmarinointernational.com\/fr\/#\/schema\/logo\/image\/","url":"https:\/\/www.sanmarinointernational.com\/wp-content\/uploads\/2020\/11\/CompletoTavola-disegno-2144.png","contentUrl":"https:\/\/www.sanmarinointernational.com\/wp-content\/uploads\/2020\/11\/CompletoTavola-disegno-2144.png","width":121,"height":144,"caption":"San Marino International srl"},"image":{"@id":"https:\/\/www.sanmarinointernational.com\/fr\/#\/schema\/logo\/image\/"},"sameAs":["https:\/\/www.facebook.com\/internationalrsm","https:\/\/www.instagram.com\/sanmarinointernational\/","https:\/\/www.linkedin.com\/company\/san-marino-international\/"]}]}},"uagb_featured_image_src":{"full":false,"thumbnail":false,"medium":false,"medium_large":false,"large":false,"1536x1536":false,"2048x2048":false},"uagb_author_info":{"display_name":"SMI","author_link":"https:\/\/www.sanmarinointernational.com\/fr\/author\/admin2417\/"},"uagb_comment_info":0,"uagb_excerpt":"Politique de confidentialit\u00e9 simplifi\u00e9 de sanmarinointernational.com Ce site Web collecte certaines Donn\u00e9es personnelles de ses Utilisateurs. Donn\u00e9es personnelles collect\u00e9es pour les raisons suivantes et en utilisant les services suivants : Analyses Syst\u00e8me d&#8217;analyse interne Donn\u00e9es personnelles.","_links":{"self":[{"href":"https:\/\/www.sanmarinointernational.com\/fr\/wp-json\/wp\/v2\/pages\/5593","targetHints":{"allow":["GET"]}}],"collection":[{"href":"https:\/\/www.sanmarinointernational.com\/fr\/wp-json\/wp\/v2\/pages"}],"about":[{"href":"https:\/\/www.sanmarinointernational.com\/fr\/wp-json\/wp\/v2\/types\/page"}],"author":[{"embeddable":true,"href":"https:\/\/www.sanmarinointernational.com\/fr\/wp-json\/wp\/v2\/users\/1"}],"replies":[{"embeddable":true,"href":"https:\/\/www.sanmarinointernational.com\/fr\/wp-json\/wp\/v2\/comments?post=5593"}],"version-history":[{"count":0,"href":"https:\/\/www.sanmarinointernational.com\/fr\/wp-json\/wp\/v2\/pages\/5593\/revisions"}],"wp:attachment":[{"href":"https:\/\/www.sanmarinointernational.com\/fr\/wp-json\/wp\/v2\/media?parent=5593"}],"curies":[{"name":"wp","href":"https:\/\/api.w.org\/{rel}","templated":true}]}}