{"id":6030,"date":"2022-11-03T09:43:15","date_gmt":"2022-11-03T08:43:15","guid":{"rendered":"https:\/\/www.sanmarinointernational.com\/hotel-international-atene\/"},"modified":"2022-11-03T10:07:05","modified_gmt":"2022-11-03T09:07:05","slug":"hotel-international-atene","status":"publish","type":"page","link":"https:\/\/www.sanmarinointernational.com\/es\/hotel-international-atene\/","title":{"rendered":"Hotel International Atene"},"content":{"rendered":"<div class=\"wpb-content-wrapper\"><p>[vc_row full_width=&#8221;stretch_row&#8221; equal_height=&#8221;yes&#8221; content_placement=&#8221;middle&#8221; css=&#8221;.vc_custom_1667038235352{padding-right: 10px !important;}&#8221;][vc_column width=&#8221;2\/3&#8243; column_margin_top=&#8221;0px&#8221; column_margin_bottom=&#8221;0px&#8221; column_margin_left=&#8221;0px&#8221; column_margin_right=&#8221;0px&#8221; column_padding_top=&#8221;0px&#8221; column_padding_bottom=&#8221;0px&#8221; column_padding_left=&#8221;0px&#8221; column_padding_right=&#8221;0px&#8221;][vc_single_image image=&#8221;6018&#8243; img_size=&#8221;large&#8221;][vc_column_text]<\/p>\r\n<p>un Hotel de<\/p>\r\n<h2>Navitours Group of Companies<\/h2>\r\n<p>[\/vc_column_text][vc_column_text]<\/p>\r\n<p style=\"text-align: center;\"><span style=\"font-size: 24px;\">L&#8217;OSPITALITA&#8217; GRECA<\/span><\/p>\r\n<p style=\"text-align: center;\"><span style=\"font-size: 24px;\">CON L&#8217;ANIMA TRICOLORE<\/span><\/p>\r\n<p>[\/vc_column_text][vc_custom_heading text=&#8221;OPENING 10\/02\/2023&#8243; font_container=&#8221;tag:h3|text_align:center|color:%23dd3333&#8243;][\/vc_column][vc_column width=&#8221;1\/3&#8243; text_alignment=&#8221;center&#8221;][vc_single_image image=&#8221;5955&#8243; img_size=&#8221;250&#215;400&#8243; alignment=&#8221;center&#8221; onclick=&#8221;link_image&#8221;][\/vc_column][\/vc_row][vc_row full_width=&#8221;stretch_row&#8221; content_placement=&#8221;middle&#8221; center_row_content=&#8221;yes&#8221;][vc_column][vc_masonry_media_grid element_width=&#8221;2&#8243; gap=&#8221;3&#8243; item=&#8221;masonryMedia_SimpleBlurWithScale&#8221; grid_id=&#8221;vc_gid:1667465761363-80bf018d-7420-2&#8243; include=&#8221;5949,5943,5937,5931,5919,5913&#8243;][\/vc_column][\/vc_row][vc_row][vc_column width=&#8221;2\/3&#8243;][vc_column_text]<\/p>\r\n<p>Completamente renovado e inspirado en las vibraciones cosmopolitas de los a\u00f1os 60 en Atenas, nuestro hotel abrir\u00e1 sus puertas a sus hu\u00e9spedes en la primavera de 2023.<\/p>\r\n<p>El Hotel International Athens se encuentra a poca distancia a pie de la estaci\u00f3n central de metro Omonia y de algunas de las atracciones emblem\u00e1ticas de la capital, como el Teatro Nacional, que est\u00e1 a solo 600 m, y el animado mercado de pulgas de Monastiraki, a solo 950 m.<\/p>\r\n<p>Sus habitaciones completamente renovadas est\u00e1n elegantemente amuebladas y equipadas con aire acondicionado, TV LCD, Wi-Fi de alta velocidad gratis, tel\u00e9fono directo, minibar, modernos cuartos de ba\u00f1o con juegos completos de secador de pelo, albornoces y zapatillas<\/p>\r\n<p>Por la ma\u00f1ana te espera un rico desayuno, en el almuerzo y la cena en el restaurante del hotel podr\u00e1s disfrutar de deliciosos platos, mientras que en nuestro Bar Internacional al aire libre podr\u00e1s relajarte tomando una copa en un ambiente acogedor.<\/p>\r\n<p>De sus 140 habitaciones, 5 est\u00e1n dedicadas a acoger a clientes con necesidades especiales de movilidad.<\/p>\r\n<p>No renuncies a la comodidad y reg\u00e1late una estancia en las modernas y amplias Habitaciones Premium del hotel International, pero si quieres lo mejor, nuestras magn\u00edficas suites de 62 metros cuadrados estar\u00e1n a tu disposici\u00f3n.<\/p>\r\n<p>[\/vc_column_text][\/vc_column][vc_column width=&#8221;1\/3&#8243;][vc_custom_heading text=&#8221;SERVICIOS&#8221; font_container=&#8221;tag:h3|text_align:center&#8221; use_theme_fonts=&#8221;yes&#8221;][vc_column_text]<\/p>\r\n\r\n<div class=\"page\" title=\"Page 1\">\r\n<div class=\"section\">\r\n<div class=\"layoutArea\">\r\n<div class=\"column\">\r\n<ul>\r\n<li><span style=\"font-size: 18px;\">140 habitaciones<\/span><\/li>\r\n<li><span style=\"font-size: 18px;\">Wi-Fi de alta velocitad gratis<\/span><\/li>\r\n<li><span style=\"font-size: 18px;\">TV 42\u2019<\/span><\/li>\r\n<li><span style=\"font-size: 18px;\">MiniBar<\/span><\/li>\r\n<li><span style=\"font-size: 18px;\">Set de cortesia con albornoces<\/span><\/li>\r\n<li><span style=\"font-size: 18px;\">Elecci\u00f3n de almohada \u201ca\u0300 la carta\u201d<\/span><\/li>\r\n<li><span style=\"font-size: 18px;\">Servicio de habitaciones las 24h<\/span><\/li>\r\n<li><span style=\"font-size: 18px;\">Servicio de lavanderia 24h<\/span><\/li>\r\n<li><span style=\"font-size: 18px;\">Suite 62m\u00b2<\/span><\/li>\r\n<li><span style=\"font-size: 18px;\">Habitaciones para discapacitados<\/span><\/li>\r\n<li><span style=\"font-size: 18px;\">Bar internacional al aire libre<\/span><\/li>\r\n<li><span style=\"font-size: 18px;\">Aparcamiento<\/span><\/li>\r\n<\/ul>\r\n<\/div>\r\n<\/div>\r\n<\/div>\r\n<\/div>\r\n<p>[\/vc_column_text][\/vc_column][\/vc_row][vc_row][vc_column][vc_column_text]<\/p>\r\n<p>[\/vc_column_text][\/vc_column][\/vc_row]<\/p><\/div>","protected":false},"excerpt":{"rendered":"<p>[vc_row full_width=&#8221;stretch_row&#8221; equal_height=&#8221;yes&#8221; content_placement=&#8221;middle&#8221; css=&#8221;.vc_custom_1667038235352{padding-right: 10px !important;}&#8221;][vc_column width=&#8221;2\/3&#8243; column_margin_top=&#8221;0px&#8221; column_margin_bottom=&#8221;0px&#8221; column_margin_left=&#8221;0px&#8221; column_margin_right=&#8221;0px&#8221; column_padding_top=&#8221;0px&#8221; column_padding_bottom=&#8221;0px&#8221; column_padding_left=&#8221;0px&#8221; column_padding_right=&#8221;0px&#8221;][vc_single_image image=&#8221;6018&#8243; img_size=&#8221;large&#8221;][vc_column_text] un Hotel de Navitours Group of Companies [\/vc_column_text][vc_column_text] L&#8217;OSPITALITA&#8217; GRECA CON L&#8217;ANIMA TRICOLORE [\/vc_column_text][vc_custom_heading text=&#8221;OPENING 10\/02\/2023&#8243; font_container=&#8221;tag:h3|text_align:center|color:%23dd3333&#8243;][\/vc_column][vc_column width=&#8221;1\/3&#8243;.<\/p>\n","protected":false},"author":1,"featured_media":0,"parent":0,"menu_order":0,"comment_status":"closed","ping_status":"closed","template":"","meta":{"content-type":"","_uag_custom_page_level_css":"","footnotes":""},"class_list":["post-6030","page","type-page","status-publish","hentry"],"yoast_head":"<!-- This site is optimized with the Yoast SEO plugin v27.4 - https:\/\/yoast.com\/product\/yoast-seo-wordpress\/ -->\n<title>Hotel International Atene - San Marino International<\/title>\n<meta name=\"description\" content=\"Tour Operator gruppi Italia ed Europa\" \/>\n<meta name=\"robots\" content=\"index, follow, max-snippet:-1, max-image-preview:large, max-video-preview:-1\" \/>\n<link rel=\"canonical\" href=\"https:\/\/www.sanmarinointernational.com\/es\/hotel-international-atene\/\" \/>\n<meta property=\"og:locale\" content=\"es_ES\" \/>\n<meta property=\"og:type\" content=\"article\" \/>\n<meta property=\"og:title\" content=\"Hotel International Atene - San Marino International\" \/>\n<meta property=\"og:description\" content=\"Tour Operator gruppi Italia ed Europa\" \/>\n<meta property=\"og:url\" content=\"https:\/\/www.sanmarinointernational.com\/es\/hotel-international-atene\/\" \/>\n<meta property=\"og:site_name\" content=\"San Marino International\" \/>\n<meta property=\"article:publisher\" content=\"https:\/\/www.facebook.com\/internationalrsm\" \/>\n<meta property=\"article:modified_time\" content=\"2022-11-03T09:07:05+00:00\" \/>\n<meta name=\"twitter:card\" content=\"summary_large_image\" \/>\n<script type=\"application\/ld+json\" class=\"yoast-schema-graph\">{\"@context\":\"https:\\\/\\\/schema.org\",\"@graph\":[{\"@type\":\"WebPage\",\"@id\":\"https:\\\/\\\/www.sanmarinointernational.com\\\/es\\\/hotel-international-atene\\\/\",\"url\":\"https:\\\/\\\/www.sanmarinointernational.com\\\/es\\\/hotel-international-atene\\\/\",\"name\":\"Hotel International Atene - San Marino International\",\"isPartOf\":{\"@id\":\"https:\\\/\\\/www.sanmarinointernational.com\\\/es\\\/#website\"},\"datePublished\":\"2022-11-03T08:43:15+00:00\",\"dateModified\":\"2022-11-03T09:07:05+00:00\",\"description\":\"Tour Operator gruppi Italia ed Europa\",\"breadcrumb\":{\"@id\":\"https:\\\/\\\/www.sanmarinointernational.com\\\/es\\\/hotel-international-atene\\\/#breadcrumb\"},\"inLanguage\":\"es\",\"potentialAction\":[{\"@type\":\"ReadAction\",\"target\":[\"https:\\\/\\\/www.sanmarinointernational.com\\\/es\\\/hotel-international-atene\\\/\"]}]},{\"@type\":\"BreadcrumbList\",\"@id\":\"https:\\\/\\\/www.sanmarinointernational.com\\\/es\\\/hotel-international-atene\\\/#breadcrumb\",\"itemListElement\":[{\"@type\":\"ListItem\",\"position\":1,\"name\":\"Home\",\"item\":\"https:\\\/\\\/www.sanmarinointernational.com\\\/es\\\/\"},{\"@type\":\"ListItem\",\"position\":2,\"name\":\"Hotel International Atene\"}]},{\"@type\":\"WebSite\",\"@id\":\"https:\\\/\\\/www.sanmarinointernational.com\\\/es\\\/#website\",\"url\":\"https:\\\/\\\/www.sanmarinointernational.com\\\/es\\\/\",\"name\":\"San Marino International\",\"description\":\"Solo Gruppi Italia Europa\",\"publisher\":{\"@id\":\"https:\\\/\\\/www.sanmarinointernational.com\\\/es\\\/#organization\"},\"potentialAction\":[{\"@type\":\"SearchAction\",\"target\":{\"@type\":\"EntryPoint\",\"urlTemplate\":\"https:\\\/\\\/www.sanmarinointernational.com\\\/es\\\/?s={search_term_string}\"},\"query-input\":{\"@type\":\"PropertyValueSpecification\",\"valueRequired\":true,\"valueName\":\"search_term_string\"}}],\"inLanguage\":\"es\"},{\"@type\":\"Organization\",\"@id\":\"https:\\\/\\\/www.sanmarinointernational.com\\\/es\\\/#organization\",\"name\":\"San Marino International srl\",\"url\":\"https:\\\/\\\/www.sanmarinointernational.com\\\/es\\\/\",\"logo\":{\"@type\":\"ImageObject\",\"inLanguage\":\"es\",\"@id\":\"https:\\\/\\\/www.sanmarinointernational.com\\\/es\\\/#\\\/schema\\\/logo\\\/image\\\/\",\"url\":\"https:\\\/\\\/www.sanmarinointernational.com\\\/wp-content\\\/uploads\\\/2020\\\/11\\\/CompletoTavola-disegno-2144.png\",\"contentUrl\":\"https:\\\/\\\/www.sanmarinointernational.com\\\/wp-content\\\/uploads\\\/2020\\\/11\\\/CompletoTavola-disegno-2144.png\",\"width\":121,\"height\":144,\"caption\":\"San Marino International srl\"},\"image\":{\"@id\":\"https:\\\/\\\/www.sanmarinointernational.com\\\/es\\\/#\\\/schema\\\/logo\\\/image\\\/\"},\"sameAs\":[\"https:\\\/\\\/www.facebook.com\\\/internationalrsm\",\"https:\\\/\\\/www.instagram.com\\\/sanmarinointernational\\\/\",\"https:\\\/\\\/www.linkedin.com\\\/company\\\/san-marino-international\\\/\"]}]}<\/script>\n<!-- \/ Yoast SEO plugin. -->","yoast_head_json":{"title":"Hotel International Atene - San Marino International","description":"Tour Operator gruppi Italia ed Europa","robots":{"index":"index","follow":"follow","max-snippet":"max-snippet:-1","max-image-preview":"max-image-preview:large","max-video-preview":"max-video-preview:-1"},"canonical":"https:\/\/www.sanmarinointernational.com\/es\/hotel-international-atene\/","og_locale":"es_ES","og_type":"article","og_title":"Hotel International Atene - San Marino International","og_description":"Tour Operator gruppi Italia ed Europa","og_url":"https:\/\/www.sanmarinointernational.com\/es\/hotel-international-atene\/","og_site_name":"San Marino International","article_publisher":"https:\/\/www.facebook.com\/internationalrsm","article_modified_time":"2022-11-03T09:07:05+00:00","twitter_card":"summary_large_image","schema":{"@context":"https:\/\/schema.org","@graph":[{"@type":"WebPage","@id":"https:\/\/www.sanmarinointernational.com\/es\/hotel-international-atene\/","url":"https:\/\/www.sanmarinointernational.com\/es\/hotel-international-atene\/","name":"Hotel International Atene - San Marino International","isPartOf":{"@id":"https:\/\/www.sanmarinointernational.com\/es\/#website"},"datePublished":"2022-11-03T08:43:15+00:00","dateModified":"2022-11-03T09:07:05+00:00","description":"Tour Operator gruppi Italia ed Europa","breadcrumb":{"@id":"https:\/\/www.sanmarinointernational.com\/es\/hotel-international-atene\/#breadcrumb"},"inLanguage":"es","potentialAction":[{"@type":"ReadAction","target":["https:\/\/www.sanmarinointernational.com\/es\/hotel-international-atene\/"]}]},{"@type":"BreadcrumbList","@id":"https:\/\/www.sanmarinointernational.com\/es\/hotel-international-atene\/#breadcrumb","itemListElement":[{"@type":"ListItem","position":1,"name":"Home","item":"https:\/\/www.sanmarinointernational.com\/es\/"},{"@type":"ListItem","position":2,"name":"Hotel International Atene"}]},{"@type":"WebSite","@id":"https:\/\/www.sanmarinointernational.com\/es\/#website","url":"https:\/\/www.sanmarinointernational.com\/es\/","name":"San Marino International","description":"Solo Gruppi Italia Europa","publisher":{"@id":"https:\/\/www.sanmarinointernational.com\/es\/#organization"},"potentialAction":[{"@type":"SearchAction","target":{"@type":"EntryPoint","urlTemplate":"https:\/\/www.sanmarinointernational.com\/es\/?s={search_term_string}"},"query-input":{"@type":"PropertyValueSpecification","valueRequired":true,"valueName":"search_term_string"}}],"inLanguage":"es"},{"@type":"Organization","@id":"https:\/\/www.sanmarinointernational.com\/es\/#organization","name":"San Marino International srl","url":"https:\/\/www.sanmarinointernational.com\/es\/","logo":{"@type":"ImageObject","inLanguage":"es","@id":"https:\/\/www.sanmarinointernational.com\/es\/#\/schema\/logo\/image\/","url":"https:\/\/www.sanmarinointernational.com\/wp-content\/uploads\/2020\/11\/CompletoTavola-disegno-2144.png","contentUrl":"https:\/\/www.sanmarinointernational.com\/wp-content\/uploads\/2020\/11\/CompletoTavola-disegno-2144.png","width":121,"height":144,"caption":"San Marino International srl"},"image":{"@id":"https:\/\/www.sanmarinointernational.com\/es\/#\/schema\/logo\/image\/"},"sameAs":["https:\/\/www.facebook.com\/internationalrsm","https:\/\/www.instagram.com\/sanmarinointernational\/","https:\/\/www.linkedin.com\/company\/san-marino-international\/"]}]}},"uagb_featured_image_src":{"full":false,"thumbnail":false,"medium":false,"medium_large":false,"large":false,"1536x1536":false,"2048x2048":false},"uagb_author_info":{"display_name":"SMI","author_link":"https:\/\/www.sanmarinointernational.com\/es\/author\/admin2417\/"},"uagb_comment_info":0,"uagb_excerpt":"[vc_row full_width=&#8221;stretch_row&#8221; equal_height=&#8221;yes&#8221; content_placement=&#8221;middle&#8221; css=&#8221;.vc_custom_1667038235352{padding-right: 10px !important;}&#8221;][vc_column width=&#8221;2\/3&#8243; column_margin_top=&#8221;0px&#8221; column_margin_bottom=&#8221;0px&#8221; column_margin_left=&#8221;0px&#8221; column_margin_right=&#8221;0px&#8221; column_padding_top=&#8221;0px&#8221; column_padding_bottom=&#8221;0px&#8221; column_padding_left=&#8221;0px&#8221; column_padding_right=&#8221;0px&#8221;][vc_single_image image=&#8221;6018&#8243; img_size=&#8221;large&#8221;][vc_column_text] un Hotel de Navitours Group of Companies [\/vc_column_text][vc_column_text] L&#8217;OSPITALITA&#8217; GRECA CON L&#8217;ANIMA TRICOLORE [\/vc_column_text][vc_custom_heading text=&#8221;OPENING 10\/02\/2023&#8243; font_container=&#8221;tag:h3|text_align:center|color:%23dd3333&#8243;][\/vc_column][vc_column width=&#8221;1\/3&#8243;.","_links":{"self":[{"href":"https:\/\/www.sanmarinointernational.com\/es\/wp-json\/wp\/v2\/pages\/6030","targetHints":{"allow":["GET"]}}],"collection":[{"href":"https:\/\/www.sanmarinointernational.com\/es\/wp-json\/wp\/v2\/pages"}],"about":[{"href":"https:\/\/www.sanmarinointernational.com\/es\/wp-json\/wp\/v2\/types\/page"}],"author":[{"embeddable":true,"href":"https:\/\/www.sanmarinointernational.com\/es\/wp-json\/wp\/v2\/users\/1"}],"replies":[{"embeddable":true,"href":"https:\/\/www.sanmarinointernational.com\/es\/wp-json\/wp\/v2\/comments?post=6030"}],"version-history":[{"count":0,"href":"https:\/\/www.sanmarinointernational.com\/es\/wp-json\/wp\/v2\/pages\/6030\/revisions"}],"wp:attachment":[{"href":"https:\/\/www.sanmarinointernational.com\/es\/wp-json\/wp\/v2\/media?parent=6030"}],"curies":[{"name":"wp","href":"https:\/\/api.w.org\/{rel}","templated":true}]}}