{"id":5835,"date":"2022-07-18T19:39:21","date_gmt":"2022-07-18T17:39:21","guid":{"rendered":"https:\/\/www.sanmarinointernational.com\/presentacion-perfil-de-la-empresa\/"},"modified":"2022-07-18T20:09:46","modified_gmt":"2022-07-18T18:09:46","slug":"presentacion-perfil-de-la-empresa","status":"publish","type":"page","link":"https:\/\/www.sanmarinointernational.com\/es\/presentacion-perfil-de-la-empresa\/","title":{"rendered":"Presentaci\u00f3n &#8211; Perfil de la empresa"},"content":{"rendered":"<div class=\"wpb-content-wrapper\"><p>[vc_row][vc_column][vc_custom_heading text=&#8221;Presentaci\u00f3n &#8211; Perfil de la empresa&#8221; google_fonts=&#8221;font_family:Montserrat%3Aregular%2C700|font_style:400%20regular%3A400%3Anormal&#8221;][vc_custom_heading text=&#8221;Un solo especialista para todos vuestros grupos, en Italia y en toda Europa&#8221; font_container=&#8221;tag:h4|text_align:left&#8221; google_fonts=&#8221;font_family:Montserrat%3Aregular%2C700|font_style:400%20regular%3A400%3Anormal&#8221;][\/vc_column][\/vc_row][vc_row][vc_column][vc_column_text]es un operador especializado que ofrece servicios tur\u00edsticos para grupos organizados, con destinos en Italia y Europa, para un p\u00fablico de viajeros en su mayor\u00eda con intereses culturales.<\/p>\n<p>Somos b\u00e1sicamente una &#8220;oficina de producto&#8221;, que se dirige \u00fanicamente al mercado de las Agencias de Viajes oficialmente acreditadas, un mayorista con un tr\u00e1fico procedente de clientes de toda Europa y que se centra en un n\u00famero selecto de hoteles y servicios tur\u00edsticos, para obtener desde nuestros proveedores condiciones y disponibilidades exclusivas.<\/p>\n<p>Nuestra organizaci\u00f3n se basa en la construcci\u00f3n de un amplia \u00e1rea de productos, directamente seleccionado por nuestro equipo, a trav\u00e9s de una cuidadosa selecci\u00f3n de posibles proveedores, con los que nos relacionamos a trav\u00e9s de contratos de allotment y de gesti\u00f3n directa de las disponibilidades, que se cargan directamente en nuestro sistema de gesti\u00f3n, sin otro intermediario.<\/p>\n<p>Hacemos una precisa selecci\u00f3n en las principales ciudades y lugares de inter\u00e9s tur\u00edstico en toda Europa, podemos entonces ofrecer una amplia gama de propuestas para cada petici\u00f3n de grupo que nos env\u00eden, r\u00e1pidamente y de manera espec\u00edfica, en las mejores condiciones del mercado, siempre garantizando la m\u00e1s alta calidad.<\/p>\n<p><strong>Nuestras directrices<\/strong><\/p>\n<p>ofrecemos:<\/p>\n<ul>\n<li><em>servicios con precios netos \u00fanicamente para agencias de viajes y solo para viajes de grupos;<\/em><\/li>\n<li><em>un equipo de gran experiencia, altamente especializado y subdividido en \u00e1reas de destinos, para garantizar el m\u00e1ximo de competencia espec\u00edfica para cada localidad solicitada, en Italia y en Europa;<\/em><\/li>\n<li><em>un booking dedicado al mercado espa\u00f1ol con un equipo que habla el idioma;<\/em><\/li>\n<li><em>respuestas r\u00e1pidas, con soluciones miradas y una amplia disponibilidad de productos, preparados para identificar las soluciones m\u00e1s adecuadas a cada exigencia, para un producto perfectamente hecho a medida, el verdadero \u201cTailor Made\u201c<\/em><\/li>\n<li><em>la seguridad de una asistencia constante y personalizada antes, durante y despu\u00e9s del viaje<\/em><\/li>\n<li><em>la mejor tarifa para el mejor producto, para una conveniencia sin compromisos sobre la calidad de los servicios<\/em><\/li>\n<li><em>un enfoque lineal y reconocido del producto, con disponibilidades directas y garantizadas, ofertas exclusivas con productos dedicados y personalizaci\u00f3n del detalle.<\/em><\/li>\n<\/ul>\n<p>\u00bfNo crees tambi\u00e9n que ha llegado el momento de un cambio?<\/p>\n<p>TAKE THE CHANCE<br \/>\nElija San Marino Internacional.[\/vc_column_text][\/vc_column][\/vc_row][vc_row][vc_column][vc_single_image image=&#8221;969&#8243; img_size=&#8221;full&#8221; alignment=&#8221;center&#8221; style=&#8221;vc_box_shadow&#8221;][\/vc_column][\/vc_row]<\/p>\n<\/div>","protected":false},"excerpt":{"rendered":"<p>[vc_row][vc_column][vc_custom_heading text=&#8221;Presentaci\u00f3n &#8211; Perfil de la empresa&#8221; google_fonts=&#8221;font_family:Montserrat%3Aregular%2C700|font_style:400%20regular%3A400%3Anormal&#8221;][vc_custom_heading text=&#8221;Un solo especialista para todos vuestros grupos, en Italia y en toda Europa&#8221; font_container=&#8221;tag:h4|text_align:left&#8221; google_fonts=&#8221;font_family:Montserrat%3Aregular%2C700|font_style:400%20regular%3A400%3Anormal&#8221;][\/vc_column][\/vc_row][vc_row][vc_column][vc_column_text]es un operador especializado que ofrece servicios tur\u00edsticos para grupos organizados, con destinos en.<\/p>\n","protected":false},"author":1,"featured_media":0,"parent":0,"menu_order":0,"comment_status":"closed","ping_status":"closed","template":"","meta":{"content-type":"","_uag_custom_page_level_css":"","footnotes":""},"class_list":["post-5835","page","type-page","status-publish","hentry"],"yoast_head":"<!-- This site is optimized with the Yoast SEO plugin v27.5 - https:\/\/yoast.com\/product\/yoast-seo-wordpress\/ -->\n<title>Presentaci\u00f3n - Perfil de la empresa - San Marino International<\/title>\n<meta name=\"description\" content=\"Tour Operator gruppi Italia ed Europa\" \/>\n<meta name=\"robots\" content=\"index, follow, max-snippet:-1, max-image-preview:large, max-video-preview:-1\" \/>\n<link rel=\"canonical\" href=\"https:\/\/www.sanmarinointernational.com\/es\/presentacion-perfil-de-la-empresa\/\" \/>\n<meta property=\"og:locale\" content=\"es_ES\" \/>\n<meta property=\"og:type\" content=\"article\" \/>\n<meta property=\"og:title\" content=\"Presentaci\u00f3n - Perfil de la empresa - San Marino International\" \/>\n<meta property=\"og:description\" content=\"Tour Operator gruppi Italia ed Europa\" \/>\n<meta property=\"og:url\" content=\"https:\/\/www.sanmarinointernational.com\/es\/presentacion-perfil-de-la-empresa\/\" \/>\n<meta property=\"og:site_name\" content=\"San Marino International\" \/>\n<meta property=\"article:publisher\" content=\"https:\/\/www.facebook.com\/internationalrsm\" \/>\n<meta property=\"article:modified_time\" content=\"2022-07-18T18:09:46+00:00\" \/>\n<meta name=\"twitter:card\" content=\"summary_large_image\" \/>\n<script type=\"application\/ld+json\" class=\"yoast-schema-graph\">{\"@context\":\"https:\\\/\\\/schema.org\",\"@graph\":[{\"@type\":\"WebPage\",\"@id\":\"https:\\\/\\\/www.sanmarinointernational.com\\\/es\\\/presentacion-perfil-de-la-empresa\\\/\",\"url\":\"https:\\\/\\\/www.sanmarinointernational.com\\\/es\\\/presentacion-perfil-de-la-empresa\\\/\",\"name\":\"Presentaci\u00f3n - Perfil de la empresa - San Marino International\",\"isPartOf\":{\"@id\":\"https:\\\/\\\/www.sanmarinointernational.com\\\/es\\\/#website\"},\"datePublished\":\"2022-07-18T17:39:21+00:00\",\"dateModified\":\"2022-07-18T18:09:46+00:00\",\"description\":\"Tour Operator gruppi Italia ed Europa\",\"breadcrumb\":{\"@id\":\"https:\\\/\\\/www.sanmarinointernational.com\\\/es\\\/presentacion-perfil-de-la-empresa\\\/#breadcrumb\"},\"inLanguage\":\"es\",\"potentialAction\":[{\"@type\":\"ReadAction\",\"target\":[\"https:\\\/\\\/www.sanmarinointernational.com\\\/es\\\/presentacion-perfil-de-la-empresa\\\/\"]}]},{\"@type\":\"BreadcrumbList\",\"@id\":\"https:\\\/\\\/www.sanmarinointernational.com\\\/es\\\/presentacion-perfil-de-la-empresa\\\/#breadcrumb\",\"itemListElement\":[{\"@type\":\"ListItem\",\"position\":1,\"name\":\"Home\",\"item\":\"https:\\\/\\\/www.sanmarinointernational.com\\\/es\\\/\"},{\"@type\":\"ListItem\",\"position\":2,\"name\":\"Presentaci\u00f3n &#8211; Perfil de la empresa\"}]},{\"@type\":\"WebSite\",\"@id\":\"https:\\\/\\\/www.sanmarinointernational.com\\\/es\\\/#website\",\"url\":\"https:\\\/\\\/www.sanmarinointernational.com\\\/es\\\/\",\"name\":\"San Marino International\",\"description\":\"Solo Gruppi Italia Europa\",\"publisher\":{\"@id\":\"https:\\\/\\\/www.sanmarinointernational.com\\\/es\\\/#organization\"},\"potentialAction\":[{\"@type\":\"SearchAction\",\"target\":{\"@type\":\"EntryPoint\",\"urlTemplate\":\"https:\\\/\\\/www.sanmarinointernational.com\\\/es\\\/?s={search_term_string}\"},\"query-input\":{\"@type\":\"PropertyValueSpecification\",\"valueRequired\":true,\"valueName\":\"search_term_string\"}}],\"inLanguage\":\"es\"},{\"@type\":\"Organization\",\"@id\":\"https:\\\/\\\/www.sanmarinointernational.com\\\/es\\\/#organization\",\"name\":\"San Marino International srl\",\"url\":\"https:\\\/\\\/www.sanmarinointernational.com\\\/es\\\/\",\"logo\":{\"@type\":\"ImageObject\",\"inLanguage\":\"es\",\"@id\":\"https:\\\/\\\/www.sanmarinointernational.com\\\/es\\\/#\\\/schema\\\/logo\\\/image\\\/\",\"url\":\"https:\\\/\\\/www.sanmarinointernational.com\\\/wp-content\\\/uploads\\\/2020\\\/11\\\/CompletoTavola-disegno-2144.png\",\"contentUrl\":\"https:\\\/\\\/www.sanmarinointernational.com\\\/wp-content\\\/uploads\\\/2020\\\/11\\\/CompletoTavola-disegno-2144.png\",\"width\":121,\"height\":144,\"caption\":\"San Marino International srl\"},\"image\":{\"@id\":\"https:\\\/\\\/www.sanmarinointernational.com\\\/es\\\/#\\\/schema\\\/logo\\\/image\\\/\"},\"sameAs\":[\"https:\\\/\\\/www.facebook.com\\\/internationalrsm\",\"https:\\\/\\\/www.instagram.com\\\/sanmarinointernational\\\/\",\"https:\\\/\\\/www.linkedin.com\\\/company\\\/san-marino-international\\\/\"]}]}<\/script>\n<!-- \/ Yoast SEO plugin. -->","yoast_head_json":{"title":"Presentaci\u00f3n - Perfil de la empresa - San Marino International","description":"Tour Operator gruppi Italia ed Europa","robots":{"index":"index","follow":"follow","max-snippet":"max-snippet:-1","max-image-preview":"max-image-preview:large","max-video-preview":"max-video-preview:-1"},"canonical":"https:\/\/www.sanmarinointernational.com\/es\/presentacion-perfil-de-la-empresa\/","og_locale":"es_ES","og_type":"article","og_title":"Presentaci\u00f3n - Perfil de la empresa - San Marino International","og_description":"Tour Operator gruppi Italia ed Europa","og_url":"https:\/\/www.sanmarinointernational.com\/es\/presentacion-perfil-de-la-empresa\/","og_site_name":"San Marino International","article_publisher":"https:\/\/www.facebook.com\/internationalrsm","article_modified_time":"2022-07-18T18:09:46+00:00","twitter_card":"summary_large_image","schema":{"@context":"https:\/\/schema.org","@graph":[{"@type":"WebPage","@id":"https:\/\/www.sanmarinointernational.com\/es\/presentacion-perfil-de-la-empresa\/","url":"https:\/\/www.sanmarinointernational.com\/es\/presentacion-perfil-de-la-empresa\/","name":"Presentaci\u00f3n - Perfil de la empresa - San Marino International","isPartOf":{"@id":"https:\/\/www.sanmarinointernational.com\/es\/#website"},"datePublished":"2022-07-18T17:39:21+00:00","dateModified":"2022-07-18T18:09:46+00:00","description":"Tour Operator gruppi Italia ed Europa","breadcrumb":{"@id":"https:\/\/www.sanmarinointernational.com\/es\/presentacion-perfil-de-la-empresa\/#breadcrumb"},"inLanguage":"es","potentialAction":[{"@type":"ReadAction","target":["https:\/\/www.sanmarinointernational.com\/es\/presentacion-perfil-de-la-empresa\/"]}]},{"@type":"BreadcrumbList","@id":"https:\/\/www.sanmarinointernational.com\/es\/presentacion-perfil-de-la-empresa\/#breadcrumb","itemListElement":[{"@type":"ListItem","position":1,"name":"Home","item":"https:\/\/www.sanmarinointernational.com\/es\/"},{"@type":"ListItem","position":2,"name":"Presentaci\u00f3n &#8211; Perfil de la empresa"}]},{"@type":"WebSite","@id":"https:\/\/www.sanmarinointernational.com\/es\/#website","url":"https:\/\/www.sanmarinointernational.com\/es\/","name":"San Marino International","description":"Solo Gruppi Italia Europa","publisher":{"@id":"https:\/\/www.sanmarinointernational.com\/es\/#organization"},"potentialAction":[{"@type":"SearchAction","target":{"@type":"EntryPoint","urlTemplate":"https:\/\/www.sanmarinointernational.com\/es\/?s={search_term_string}"},"query-input":{"@type":"PropertyValueSpecification","valueRequired":true,"valueName":"search_term_string"}}],"inLanguage":"es"},{"@type":"Organization","@id":"https:\/\/www.sanmarinointernational.com\/es\/#organization","name":"San Marino International srl","url":"https:\/\/www.sanmarinointernational.com\/es\/","logo":{"@type":"ImageObject","inLanguage":"es","@id":"https:\/\/www.sanmarinointernational.com\/es\/#\/schema\/logo\/image\/","url":"https:\/\/www.sanmarinointernational.com\/wp-content\/uploads\/2020\/11\/CompletoTavola-disegno-2144.png","contentUrl":"https:\/\/www.sanmarinointernational.com\/wp-content\/uploads\/2020\/11\/CompletoTavola-disegno-2144.png","width":121,"height":144,"caption":"San Marino International srl"},"image":{"@id":"https:\/\/www.sanmarinointernational.com\/es\/#\/schema\/logo\/image\/"},"sameAs":["https:\/\/www.facebook.com\/internationalrsm","https:\/\/www.instagram.com\/sanmarinointernational\/","https:\/\/www.linkedin.com\/company\/san-marino-international\/"]}]}},"uagb_featured_image_src":{"full":false,"thumbnail":false,"medium":false,"medium_large":false,"large":false,"1536x1536":false,"2048x2048":false},"uagb_author_info":{"display_name":"SMI","author_link":"https:\/\/www.sanmarinointernational.com\/es\/author\/admin2417\/"},"uagb_comment_info":0,"uagb_excerpt":"[vc_row][vc_column][vc_custom_heading text=&#8221;Presentaci\u00f3n &#8211; Perfil de la empresa&#8221; google_fonts=&#8221;font_family:Montserrat%3Aregular%2C700|font_style:400%20regular%3A400%3Anormal&#8221;][vc_custom_heading text=&#8221;Un solo especialista para todos vuestros grupos, en Italia y en toda Europa&#8221; font_container=&#8221;tag:h4|text_align:left&#8221; google_fonts=&#8221;font_family:Montserrat%3Aregular%2C700|font_style:400%20regular%3A400%3Anormal&#8221;][\/vc_column][\/vc_row][vc_row][vc_column][vc_column_text]es un operador especializado que ofrece servicios tur\u00edsticos para grupos organizados, con destinos en.","_links":{"self":[{"href":"https:\/\/www.sanmarinointernational.com\/es\/wp-json\/wp\/v2\/pages\/5835","targetHints":{"allow":["GET"]}}],"collection":[{"href":"https:\/\/www.sanmarinointernational.com\/es\/wp-json\/wp\/v2\/pages"}],"about":[{"href":"https:\/\/www.sanmarinointernational.com\/es\/wp-json\/wp\/v2\/types\/page"}],"author":[{"embeddable":true,"href":"https:\/\/www.sanmarinointernational.com\/es\/wp-json\/wp\/v2\/users\/1"}],"replies":[{"embeddable":true,"href":"https:\/\/www.sanmarinointernational.com\/es\/wp-json\/wp\/v2\/comments?post=5835"}],"version-history":[{"count":0,"href":"https:\/\/www.sanmarinointernational.com\/es\/wp-json\/wp\/v2\/pages\/5835\/revisions"}],"wp:attachment":[{"href":"https:\/\/www.sanmarinointernational.com\/es\/wp-json\/wp\/v2\/media?parent=5835"}],"curies":[{"name":"wp","href":"https:\/\/api.w.org\/{rel}","templated":true}]}}