{"id":5619,"date":"2022-01-09T11:58:25","date_gmt":"2022-01-09T10:58:25","guid":{"rendered":"https:\/\/www.sanmarinointernational.com\/cookie-policy\/"},"modified":"2022-07-05T22:10:04","modified_gmt":"2022-07-05T20:10:04","slug":"cookie-policy","status":"publish","type":"page","link":"https:\/\/www.sanmarinointernational.com\/es\/cookie-policy\/","title":{"rendered":"Pol\u00edtica de Cookies"},"content":{"rendered":"\t\t\t\t<div class=\"wp-block-uagb-table-of-contents uagb-toc__align-left uagb-toc__columns-1  uagb-block-0ef7aa88      \"\n\t\t\t\t\tdata-scroll= \"1\"\n\t\t\t\t\tdata-offset= \"30\"\n\t\t\t\t\tstyle=\"\"\n\t\t\t\t>\n\t\t\t\t<div class=\"uagb-toc__wrap\">\n\t\t\t\t\t\t<div class=\"uagb-toc__title\">\n\t\t\t\t\t\t\tIndice\t\t\t\t\t\t<\/div>\n\t\t\t\t\t\t\t\t\t\t\t\t\t\t\t\t\t\t\t\t\t\t<div class=\"uagb-toc__list-wrap \">\n\t\t\t\t\t\t<ol class=\"uagb-toc__list\"><li class=\"uagb-toc__list\"><a href=\"#pol\u00edtica-de-cookies-de-sanmarinointernationalcom\" class=\"uagb-toc-link__trigger\">Pol\u00edtica de Cookies de sanmarinointernational.com<\/a><ul class=\"uagb-toc__list\"><li class=\"uagb-toc__list\"><a href=\"#actividades-estrictamente-necesarias-para-el-funcionamiento-de-esta-p\u00e1gina-web-y-la-prestaci\u00f3n-del-servicio\" class=\"uagb-toc-link__trigger\">Actividades estrictamente necesarias para el funcionamiento de esta P\u00e1gina Web y la prestaci\u00f3n del Servicio<\/a><li class=\"uagb-toc__list\"><li class=\"uagb-toc__list\"><a href=\"#otras-actividades-que-implican-el-uso-de-rastreadores\" class=\"uagb-toc-link__trigger\">Otras actividades que implican el uso de Rastreadores<\/a><ul class=\"uagb-toc__list\"><li class=\"uagb-toc__list\"><a href=\"#medici\u00f3n\" class=\"uagb-toc-link__trigger\">Medici\u00f3n<\/a><li class=\"uagb-toc__list\"><li class=\"uagb-toc__list\"><a href=\"#servicios-de-estad\u00edsticas-gestionados-directamente-por-esta-p\u00e1gina-web\" class=\"uagb-toc-link__trigger\">Servicios de estad\u00edsticas gestionados directamente por esta P\u00e1gina Web<\/a><li class=\"uagb-toc__list\"><li class=\"uagb-toc__list\"><a href=\"#sistema-de-estad\u00edsticas-propio-esta-p\u00e1gina-web\" class=\"uagb-toc-link__trigger\">Sistema de estad\u00edsticas propio (esta P\u00e1gina Web)<\/a><\/li><\/ul><li class=\"uagb-toc__list\"><a href=\"#c\u00f3mo-gestionar-preferencias-y-otorgar-o-revocar-el-consentimiento\" class=\"uagb-toc-link__trigger\">C\u00f3mo gestionar preferencias y otorgar o revocar el consentimiento<\/a><ul class=\"uagb-toc__list\"><li class=\"uagb-toc__list\"><a href=\"#localizaci\u00f3n-de-la-configuraci\u00f3n-de-rastreadores\" class=\"uagb-toc-link__trigger\">Localizaci\u00f3n de la configuraci\u00f3n de Rastreadores<\/a><\/li><\/ul><li class=\"uagb-toc__list\"><a href=\"#titular-y-responsable-de-tratamiento\" class=\"uagb-toc-link__trigger\">Titular y Responsable de Tratamiento<\/a><\/li><\/ul><\/li><li class=\"uagb-toc__list\"><a href=\"#definiciones-y-referencias-legales\" class=\"uagb-toc-link__trigger\">Definiciones y referencias legales<\/a><ul class=\"uagb-toc__list\"><li class=\"uagb-toc__list\"><a href=\"#datos-personales-o-datos\" class=\"uagb-toc-link__trigger\">Datos Personales (o Datos)<\/a><li class=\"uagb-toc__list\"><li class=\"uagb-toc__list\"><a href=\"#datos-de-uso\" class=\"uagb-toc-link__trigger\">Datos de Uso<\/a><li class=\"uagb-toc__list\"><li class=\"uagb-toc__list\"><a href=\"#usuario\" class=\"uagb-toc-link__trigger\">Usuario<\/a><li class=\"uagb-toc__list\"><li class=\"uagb-toc__list\"><a href=\"#interesado\" class=\"uagb-toc-link__trigger\">Interesado<\/a><li class=\"uagb-toc__list\"><li class=\"uagb-toc__list\"><a href=\"#encargado-del-tratamiento-o-supervisor-de-datos\" class=\"uagb-toc-link__trigger\">Encargado del Tratamiento (o Supervisor de Datos)<\/a><li class=\"uagb-toc__list\"><li class=\"uagb-toc__list\"><a href=\"#responsable-del-tratamiento-o-titular\" class=\"uagb-toc-link__trigger\">Responsable del Tratamiento (o Titular)<\/a><li class=\"uagb-toc__list\"><li class=\"uagb-toc__list\"><a href=\"#esta-p\u00e1gina-web-o-esta-aplicaci\u00f3n\" class=\"uagb-toc-link__trigger\">Esta P\u00e1gina Web (o esta Aplicaci\u00f3n)<\/a><li class=\"uagb-toc__list\"><li class=\"uagb-toc__list\"><a href=\"#servicio\" class=\"uagb-toc-link__trigger\">Servicio<\/a><li class=\"uagb-toc__list\"><li class=\"uagb-toc__list\"><a href=\"#uni\u00f3n-europea-o-ue\" class=\"uagb-toc-link__trigger\">Uni\u00f3n Europea (o UE)<\/a><li class=\"uagb-toc__list\"><li class=\"uagb-toc__list\"><a href=\"#cookie\" class=\"uagb-toc-link__trigger\">Cookie<\/a><li class=\"uagb-toc__list\"><li class=\"uagb-toc__list\"><a href=\"#rastreador\" class=\"uagb-toc-link__trigger\">Rastreador<\/a><li class=\"uagb-toc__list\"><li class=\"uagb-toc__list\"><a href=\"#informaci\u00f3n-legal\" class=\"uagb-toc-link__trigger\">Informaci\u00f3n legal<\/a><\/ul><\/ul><\/ol>\t\t\t\t\t<\/div>\n\t\t\t\t\t\t\t\t\t<\/div>\n\t\t\t\t<\/div>\n\t\t\t\n\n\n<h2 class=\"wp-block-heading\" id=\"politica-de-cookies-de-sanmarinointernational-com\">Pol\u00edtica de Cookies de sanmarinointernational.com<\/h2>\n\n\n\n<p>El presente documento informa a los Usuarios sobre las tecnolog\u00edas que ayudan esta P\u00e1gina Web a lograr los fines descritos a continuaci\u00f3n. Dichas tecnolog\u00edas permiten al Titular acceder a informaci\u00f3n y almacenarla (por ejemplo, utilizando una Cookie) o emplear recursos (por ejemplo, ejecutando un script) en el dispositivo de un Usuario mientras este interact\u00faa con esta P\u00e1gina Web.<\/p>\n\n\n\n<p>Para simplificar, en el presente documento toda esta clase de tecnolog\u00edas se define como &#8220;Rastreadores&#8221;, salvo que exista un motivo para diferenciarlas.<br>Por ejemplo, mientras que las Cookies se pueden emplear en navegadores web y m\u00f3viles, ser\u00eda inexacto hablar de Cookies en el contexto de las aplicaciones m\u00f3viles ya que son rastreadores basados en navegadores. Por este motivo, en el presente documento, el t\u00e9rmino Cookies \u00fanicamente se utilizar\u00e1 cuando se emplee espec\u00edficamente para designar este tipo concreto de Rastreador.<\/p>\n\n\n\n<p>Es posible que algunas de las finalidades para las que se utilizan Rastreadores exijan el consentimiento del Usuario. Siempre que se otorgue el consentimiento, este podr\u00e1 revocarse libremente en cualquier momento siguiendo las instrucciones facilitadas en el presente documento.<\/p>\n\n\n\n<p>Esta P\u00e1gina Web solo utiliza Rastreadores gestionados directamente por el Titular (denominados Rastreadores \u201cde origen\u201d).<br>Los plazos de validez y expiraci\u00f3n de las Cookies de origen y otros Rastreadores similares pueden variar dependiendo de la duraci\u00f3n establecida por el Titular. Algunas de ellas expiran a la finalizaci\u00f3n de la sesi\u00f3n de navegaci\u00f3n del Usuario.<\/p>\n\n\n\n<h3 class=\"wp-block-heading\" id=\"actividades-estrictamente-necesarias-para-el-funcionamiento-de-esta-pagina-web-y-la-prestacion-del-servicio\">Actividades estrictamente necesarias para el funcionamiento de esta P\u00e1gina Web y la prestaci\u00f3n del Servicio<\/h3>\n\n\n\n<p>Esta P\u00e1gina Web utiliza Cookies denominadas \u201ct\u00e9cnicas\u201d y otros Rastreadores similares para llevar a cabo actividades que son estrictamente necesarias para el funcionamiento o la prestaci\u00f3n del Servicio.<\/p>\n\n\n\n<h3 class=\"wp-block-heading\" id=\"otras-actividades-que-implican-el-uso-de-rastreadores\">Otras actividades que implican el uso de Rastreadores<\/h3>\n\n\n\n<h4 class=\"wp-block-heading\" id=\"medicion\">Medici\u00f3n<\/h4>\n\n\n\n<p>Esta P\u00e1gina Web utiliza Rastreadores para medir el tr\u00e1fico y analizar el comportamiento de los Usuarios con el objetivo de mejorar el Servicio.<\/p>\n\n\n\n<h4 class=\"wp-block-heading\" id=\"servicios-de-estadisticas-gestionados-directamente-por-esta-pagina-web\">Servicios de estad\u00edsticas gestionados directamente por esta P\u00e1gina Web<\/h4>\n\n\n\n<p>Los servicios que aparecen en esta secci\u00f3n permiten al Titular elaborar y gestionar estad\u00edsticas mediante el uso de Rastreadores de origen.<\/p>\n\n\n\n<h4 class=\"wp-block-heading\" id=\"sistema-de-estadisticas-propio-esta-pagina-web\">Sistema de estad\u00edsticas propio (esta P\u00e1gina Web)<\/h4>\n\n\n\n<p>Esta P\u00e1gina Web utiliza un sistema de estad\u00edsticas interno que no involucra a terceros.<\/p>\n\n\n\n<p>Datos Personales tratados: Cookies y Datos de uso.<\/p>\n\n\n\n<h3 class=\"wp-block-heading\" id=\"manage_cookies\">C\u00f3mo gestionar preferencias y otorgar o revocar el consentimiento<\/h3>\n\n\n\n<p>Existen varias maneras de gestionar las preferencias relacionadas con los Rastreadores y de otorgar o revocar el consentimiento, cuando corresponda:<\/p>\n\n\n\n<p>Los Usuarios podr\u00e1n gestionar preferencias relacionadas con los Rastreadores directamente desde la configuraci\u00f3n de sus propios dispositivos, por ejemplo, impidiendo el uso o el almacenamiento de Rastreadores.<\/p>\n\n\n\n<p>Asimismo, siempre que el uso de los Rastreadores se base en el consentimiento, los Usuarios podr\u00e1n prestar o revocar dicho consentimiento estableciendo sus preferencias dentro del aviso sobre cookies o actualizando dichas preferencias en el sentido que deseen a trav\u00e9s del widget de preferencias de consentimiento correspondiente, si lo hubiera.<\/p>\n\n\n\n<p>Tambi\u00e9n es posible borrar Rastreadores almacenados previamente, incluyendo aquellos utilizados para recordar el consentimiento inicial del Usuario, a trav\u00e9s de las funcionalidades correspondientes del navegador o del dispositivo.<\/p>\n\n\n\n<p>Al borrar el historial de navegaci\u00f3n es posible que se eliminen otros Rastreadores de la memoria local del navegador.<\/p>\n\n\n\n<h4 class=\"wp-block-heading\" id=\"localizacion-de-la-configuracion-de-rastreadores\">Localizaci\u00f3n de la configuraci\u00f3n de Rastreadores<\/h4>\n\n\n\n<p>Por ejemplo, los Usuarios podr\u00e1n encontrar informaci\u00f3n sobre c\u00f3mo gestionar las Cookies en los navegadores de uso m\u00e1s frecuente en las siguientes direcciones:<\/p>\n\n\n\n<ul class=\"wp-block-list\"><li><a rel=\"noreferrer noopener\" target=\"_blank\" href=\"https:\/\/support.google.com\/chrome\/answer\/95647?hl=es&amp;p=cpn_cookies\">Google Chrome<\/a><\/li><li><a rel=\"noreferrer noopener\" target=\"_blank\" href=\"https:\/\/support.mozilla.org\/es\/kb\/habilitar-y-deshabilitar-cookies-que-los-sitios-we\">Mozilla Firefox<\/a><\/li><li><a rel=\"noreferrer noopener\" target=\"_blank\" href=\"https:\/\/support.apple.com\/es-es\/guide\/safari\/manage-cookies-and-website-data-sfri11471\/\">Apple Safari<\/a><\/li><li><a rel=\"noreferrer noopener\" target=\"_blank\" href=\"http:\/\/windows.microsoft.com\/es-es\/windows-vista\/block-or-allow-cookies\">Microsoft Internet Explorer<\/a><\/li><li><a rel=\"noreferrer noopener\" target=\"_blank\" href=\"https:\/\/support.microsoft.com\/es-es\/help\/4027947\">Microsoft Edge<\/a><\/li><li><a rel=\"noreferrer noopener\" target=\"_blank\" href=\"https:\/\/support.brave.com\/hc\/articles\/360022806212-How-do-I-use-Shields-while-browsing\">Brave<\/a><\/li><li><a rel=\"noreferrer noopener\" target=\"_blank\" href=\"https:\/\/help.opera.com\/latest\/web-preferences\/#cookies\">Opera<\/a><\/li><\/ul>\n\n\n\n<p>Los Usuarios tambi\u00e9n podr\u00e1n gestionar determinadas categor\u00edas de Rastreadores utilizados en aplicaciones m\u00f3viles inhabilit\u00e1ndolos a trav\u00e9s de la configuraci\u00f3n del dispositivo relevante, como la configuraci\u00f3n de publicidad del dispositivo para dispositivos m\u00f3viles o la configuraci\u00f3n de rastreo en general (los Usuarios podr\u00e1n abrir la configuraci\u00f3n del dispositivo y buscar la opci\u00f3n relevante).<\/p>\n\n\n\n<h3 class=\"wp-block-heading\" id=\"owner_of_the_data\">Titular y Responsable de Tratamiento<\/h3>\n\n\n\n<p>San Marino International SRL &#8211; Via Onesto Scavino, 10, 47891 Falciano (RSM)<\/p>\n\n\n\n<p><strong>I<strong>Correo electr\u00f3nico de contacto del Titular<\/strong>:<\/strong> info@sanmarinointernational.com<\/p>\n\n\n\n<p>En vista de la complejidad objetiva que rodea a las tecnolog\u00edas de seguimiento, se anima a los Usuarios a contactar con el Titular en caso de que deseen recibir informaci\u00f3n adicional sobre el uso de dichas tecnolog\u00edas poresta P\u00e1gina Web.<\/p>\n\n\n\n<h2 class=\"wp-block-heading\" id=\"definiciones-y-referencias-legales\">Definiciones y referencias legales<\/h2>\n\n\n\n<div class=\"wp-block-group\"><div class=\"wp-block-group__inner-container is-layout-flow wp-block-group-is-layout-flow\">\n<h4 class=\"wp-block-heading\" id=\"datos-personales-o-datos\">Datos Personales (o Datos)<\/h4>\n\n\n\n<p>Constituye un dato personal cualquier informaci\u00f3n que, directa, indirectamente o en relaci\u00f3n con otra informaci\u00f3n \u2013 incluyendo un n\u00famero de identificaci\u00f3n personal \u2013 permita identificar a una persona f\u00edsica.<\/p>\n\n\n\n<h4 class=\"wp-block-heading\" id=\"datos-de-uso\">Datos de Uso<\/h4>\n\n\n\n<p>Las informaciones recogidas de forma autom\u00e1tica por esta P\u00e1gina Web (o por servicios de terceros utilizados por esta P\u00e1gina Web), podr\u00e1n incluir: las direcciones IP o nombres de dominio de los ordenadores utilizados por el Usuario que se conecte a esta P\u00e1gina Web, las direcciones URI (Uniform Resource Identifier), la hora de la solicitud, el m\u00e9todo utilizado para realizar la solicitud al servidor, las dimensiones del archivo obtenido en respuesta, el c\u00f3digo num\u00e9rico indicando el estado de la respuesta del servidor (resultado satisfactorio, error, etc.), el pa\u00eds de origen, las caracter\u00edsticas del navegador y del sistema operativo utilizados por el visitante, las diversas coordenadas temporales de la visita (por ejemplo, el tiempo de permanencia en cada una de las p\u00e1ginas) y los detalles relativos al itinerario seguido dentro de la Aplicaci\u00f3n, con especial referencia a la secuencia de p\u00e1ginas consultadas, a los par\u00e1metros relativos al sistema operativo y al entorno inform\u00e1tico del Usuario.<\/p>\n\n\n\n<h4 class=\"wp-block-heading\" id=\"usuario\">Usuario<\/h4>\n\n\n\n<p>El individuo que utilice esta P\u00e1gina Web, quien, a menos que se indique lo contrario deber\u00e1 coincidir con el Interesado.<\/p>\n\n\n\n<h4 class=\"wp-block-heading\" id=\"interesado\">Interesado<\/h4>\n\n\n\n<p>La persona f\u00edsica a la que se refieren los Datos Personales.<\/p>\n\n\n\n<h4 class=\"wp-block-heading\" id=\"encargado-del-tratamiento-o-supervisor-de-datos\">Encargado del Tratamiento (o Supervisor de Datos)<\/h4>\n\n\n\n<p>La persona f\u00edsica o jur\u00eddica, administraci\u00f3n p\u00fablica, agencia o cualquier otra instituci\u00f3n, que procese los Datos Personales en nombre del Responsable del Tratamiento, descrita en la presente pol\u00edtica de privacidad.<\/p>\n\n\n\n<h4 class=\"wp-block-heading\" id=\"responsable-del-tratamiento-o-titular\">Responsable del Tratamiento (o Titular)<\/h4>\n\n\n\n<p>La persona f\u00edsica o jur\u00eddica, administraci\u00f3n p\u00fablica, agencia o cualquier otra instituci\u00f3n, que actuando en solitario o conjuntamente con otras, determine las finalidades y las medidas del tratamiento de los Datos Personales, incluyendo las medidas de seguridad relativas al funcionamiento y al uso de esta P\u00e1gina Web. A menos que se especifique lo contrario, el Responsable del Tratamiento es el Titular de esta P\u00e1gina Web.<\/p>\n\n\n\n<h4 class=\"wp-block-heading\" id=\"esta-pagina-web-o-esta-aplicacion\">Esta P\u00e1gina Web (o esta Aplicaci\u00f3n)<\/h4>\n\n\n\n<p>El medio a trav\u00e9s del cual se han recogido y tratado los Datos Personales del Usuario.<\/p>\n\n\n\n<h4 class=\"wp-block-heading\" id=\"servicio\">Servicio<\/h4>\n\n\n\n<p>El servicio proporcionado por esta P\u00e1gina Web, tal y como se describe en las definiciones y referencias legales (en caso de estar disponibles) y en esta p\u00e1gina o aplicaci\u00f3n.<\/p>\n\n\n\n<h4 class=\"wp-block-heading\" id=\"union-europea-o-ue\">Uni\u00f3n Europea (o UE)<\/h4>\n\n\n\n<p>A menos que se indique lo contrario, todas las referencias hechas a la Uni\u00f3n Europea en el presente documento incluyen todos los actuales Estados miembros de la Uni\u00f3n Europea y del Espacio Econ\u00f3mico Europeo.<\/p>\n\n\n\n<h4 class=\"wp-block-heading\" id=\"cookie\">Cookie<\/h4>\n\n\n\n<p>Las Cookies son Rastreadores que consisten en peque\u00f1as cantidades de datos almacenados en el navegador del Usuario.<\/p>\n\n\n\n<h4 class=\"wp-block-heading\" id=\"rastreador\">Rastreador<\/h4>\n\n\n\n<p>Rastreador designa cualquier tecnolog\u00eda &#8211; p.ej. Cookies, identificadores \u00fanicos, balizas web, scripts incrustados, etiquetas de entidad y creaci\u00f3n de huella digital &#8211; que permite rastrear a los Usuarios, por ejemplo, accediendo a informaci\u00f3n o almacen\u00e1ndola en el dispositivo del Usuario.<\/p>\n\n\n\n<hr class=\"wp-block-separator\"\/>\n\n\n\n<h4 class=\"wp-block-heading\" id=\"informacion-legal\">Informaci\u00f3n legal<\/h4>\n\n\n\n<p>Esta pol\u00edtica de privacidad se ha redactado en base a las provisiones de m\u00faltiples legislaciones, incluyendo los Arts. 13 y14 del Reglamento (UE) 2016\/679 (Reglamento general de protecci\u00f3n de datos).<\/p>\n\n\n\n<p>Esta pol\u00edtica de privacidad se refiere s\u00f3lo a esta P\u00e1gina Web, a menos que se indique lo contrario en el presente documento.<\/p>\n<\/div><\/div>\n","protected":false},"excerpt":{"rendered":"<p>Pol\u00edtica de Cookies de sanmarinointernational.com El presente documento informa a los Usuarios sobre las tecnolog\u00edas que ayudan esta P\u00e1gina Web a lograr los fines descritos a continuaci\u00f3n. Dichas tecnolog\u00edas permiten al Titular acceder a informaci\u00f3n y.<\/p>\n","protected":false},"author":1,"featured_media":0,"parent":0,"menu_order":0,"comment_status":"closed","ping_status":"closed","template":"","meta":{"content-type":"","_uag_custom_page_level_css":"","footnotes":""},"class_list":["post-5619","page","type-page","status-publish","hentry"],"yoast_head":"<!-- This site is optimized with the Yoast SEO plugin v27.5 - https:\/\/yoast.com\/product\/yoast-seo-wordpress\/ -->\n<title>Pol\u00edtica de Cookies - San Marino International<\/title>\n<meta name=\"description\" content=\"Tour Operator gruppi Italia ed Europa\" \/>\n<meta name=\"robots\" content=\"index, follow, max-snippet:-1, max-image-preview:large, max-video-preview:-1\" \/>\n<link rel=\"canonical\" href=\"https:\/\/www.sanmarinointernational.com\/es\/cookie-policy\/\" \/>\n<meta property=\"og:locale\" content=\"es_ES\" \/>\n<meta property=\"og:type\" content=\"article\" \/>\n<meta property=\"og:title\" content=\"Pol\u00edtica de Cookies - San Marino International\" \/>\n<meta property=\"og:description\" content=\"Tour Operator gruppi Italia ed Europa\" \/>\n<meta property=\"og:url\" content=\"https:\/\/www.sanmarinointernational.com\/es\/cookie-policy\/\" \/>\n<meta property=\"og:site_name\" content=\"San Marino International\" \/>\n<meta property=\"article:publisher\" content=\"https:\/\/www.facebook.com\/internationalrsm\" \/>\n<meta property=\"article:modified_time\" content=\"2022-07-05T20:10:04+00:00\" \/>\n<meta name=\"twitter:card\" content=\"summary_large_image\" \/>\n<script type=\"application\/ld+json\" class=\"yoast-schema-graph\">{\"@context\":\"https:\\\/\\\/schema.org\",\"@graph\":[{\"@type\":\"WebPage\",\"@id\":\"https:\\\/\\\/www.sanmarinointernational.com\\\/es\\\/cookie-policy\\\/\",\"url\":\"https:\\\/\\\/www.sanmarinointernational.com\\\/es\\\/cookie-policy\\\/\",\"name\":\"Pol\u00edtica de Cookies - San Marino International\",\"isPartOf\":{\"@id\":\"https:\\\/\\\/www.sanmarinointernational.com\\\/es\\\/#website\"},\"datePublished\":\"2022-01-09T10:58:25+00:00\",\"dateModified\":\"2022-07-05T20:10:04+00:00\",\"description\":\"Tour Operator gruppi Italia ed Europa\",\"breadcrumb\":{\"@id\":\"https:\\\/\\\/www.sanmarinointernational.com\\\/es\\\/cookie-policy\\\/#breadcrumb\"},\"inLanguage\":\"es\",\"potentialAction\":[{\"@type\":\"ReadAction\",\"target\":[\"https:\\\/\\\/www.sanmarinointernational.com\\\/es\\\/cookie-policy\\\/\"]}]},{\"@type\":\"BreadcrumbList\",\"@id\":\"https:\\\/\\\/www.sanmarinointernational.com\\\/es\\\/cookie-policy\\\/#breadcrumb\",\"itemListElement\":[{\"@type\":\"ListItem\",\"position\":1,\"name\":\"Home\",\"item\":\"https:\\\/\\\/www.sanmarinointernational.com\\\/es\\\/\"},{\"@type\":\"ListItem\",\"position\":2,\"name\":\"Pol\u00edtica de Cookies\"}]},{\"@type\":\"WebSite\",\"@id\":\"https:\\\/\\\/www.sanmarinointernational.com\\\/es\\\/#website\",\"url\":\"https:\\\/\\\/www.sanmarinointernational.com\\\/es\\\/\",\"name\":\"San Marino International\",\"description\":\"Solo Gruppi Italia Europa\",\"publisher\":{\"@id\":\"https:\\\/\\\/www.sanmarinointernational.com\\\/es\\\/#organization\"},\"potentialAction\":[{\"@type\":\"SearchAction\",\"target\":{\"@type\":\"EntryPoint\",\"urlTemplate\":\"https:\\\/\\\/www.sanmarinointernational.com\\\/es\\\/?s={search_term_string}\"},\"query-input\":{\"@type\":\"PropertyValueSpecification\",\"valueRequired\":true,\"valueName\":\"search_term_string\"}}],\"inLanguage\":\"es\"},{\"@type\":\"Organization\",\"@id\":\"https:\\\/\\\/www.sanmarinointernational.com\\\/es\\\/#organization\",\"name\":\"San Marino International srl\",\"url\":\"https:\\\/\\\/www.sanmarinointernational.com\\\/es\\\/\",\"logo\":{\"@type\":\"ImageObject\",\"inLanguage\":\"es\",\"@id\":\"https:\\\/\\\/www.sanmarinointernational.com\\\/es\\\/#\\\/schema\\\/logo\\\/image\\\/\",\"url\":\"https:\\\/\\\/www.sanmarinointernational.com\\\/wp-content\\\/uploads\\\/2020\\\/11\\\/CompletoTavola-disegno-2144.png\",\"contentUrl\":\"https:\\\/\\\/www.sanmarinointernational.com\\\/wp-content\\\/uploads\\\/2020\\\/11\\\/CompletoTavola-disegno-2144.png\",\"width\":121,\"height\":144,\"caption\":\"San Marino International srl\"},\"image\":{\"@id\":\"https:\\\/\\\/www.sanmarinointernational.com\\\/es\\\/#\\\/schema\\\/logo\\\/image\\\/\"},\"sameAs\":[\"https:\\\/\\\/www.facebook.com\\\/internationalrsm\",\"https:\\\/\\\/www.instagram.com\\\/sanmarinointernational\\\/\",\"https:\\\/\\\/www.linkedin.com\\\/company\\\/san-marino-international\\\/\"]}]}<\/script>\n<!-- \/ Yoast SEO plugin. -->","yoast_head_json":{"title":"Pol\u00edtica de Cookies - San Marino International","description":"Tour Operator gruppi Italia ed Europa","robots":{"index":"index","follow":"follow","max-snippet":"max-snippet:-1","max-image-preview":"max-image-preview:large","max-video-preview":"max-video-preview:-1"},"canonical":"https:\/\/www.sanmarinointernational.com\/es\/cookie-policy\/","og_locale":"es_ES","og_type":"article","og_title":"Pol\u00edtica de Cookies - San Marino International","og_description":"Tour Operator gruppi Italia ed Europa","og_url":"https:\/\/www.sanmarinointernational.com\/es\/cookie-policy\/","og_site_name":"San Marino International","article_publisher":"https:\/\/www.facebook.com\/internationalrsm","article_modified_time":"2022-07-05T20:10:04+00:00","twitter_card":"summary_large_image","schema":{"@context":"https:\/\/schema.org","@graph":[{"@type":"WebPage","@id":"https:\/\/www.sanmarinointernational.com\/es\/cookie-policy\/","url":"https:\/\/www.sanmarinointernational.com\/es\/cookie-policy\/","name":"Pol\u00edtica de Cookies - San Marino International","isPartOf":{"@id":"https:\/\/www.sanmarinointernational.com\/es\/#website"},"datePublished":"2022-01-09T10:58:25+00:00","dateModified":"2022-07-05T20:10:04+00:00","description":"Tour Operator gruppi Italia ed Europa","breadcrumb":{"@id":"https:\/\/www.sanmarinointernational.com\/es\/cookie-policy\/#breadcrumb"},"inLanguage":"es","potentialAction":[{"@type":"ReadAction","target":["https:\/\/www.sanmarinointernational.com\/es\/cookie-policy\/"]}]},{"@type":"BreadcrumbList","@id":"https:\/\/www.sanmarinointernational.com\/es\/cookie-policy\/#breadcrumb","itemListElement":[{"@type":"ListItem","position":1,"name":"Home","item":"https:\/\/www.sanmarinointernational.com\/es\/"},{"@type":"ListItem","position":2,"name":"Pol\u00edtica de Cookies"}]},{"@type":"WebSite","@id":"https:\/\/www.sanmarinointernational.com\/es\/#website","url":"https:\/\/www.sanmarinointernational.com\/es\/","name":"San Marino International","description":"Solo Gruppi Italia Europa","publisher":{"@id":"https:\/\/www.sanmarinointernational.com\/es\/#organization"},"potentialAction":[{"@type":"SearchAction","target":{"@type":"EntryPoint","urlTemplate":"https:\/\/www.sanmarinointernational.com\/es\/?s={search_term_string}"},"query-input":{"@type":"PropertyValueSpecification","valueRequired":true,"valueName":"search_term_string"}}],"inLanguage":"es"},{"@type":"Organization","@id":"https:\/\/www.sanmarinointernational.com\/es\/#organization","name":"San Marino International srl","url":"https:\/\/www.sanmarinointernational.com\/es\/","logo":{"@type":"ImageObject","inLanguage":"es","@id":"https:\/\/www.sanmarinointernational.com\/es\/#\/schema\/logo\/image\/","url":"https:\/\/www.sanmarinointernational.com\/wp-content\/uploads\/2020\/11\/CompletoTavola-disegno-2144.png","contentUrl":"https:\/\/www.sanmarinointernational.com\/wp-content\/uploads\/2020\/11\/CompletoTavola-disegno-2144.png","width":121,"height":144,"caption":"San Marino International srl"},"image":{"@id":"https:\/\/www.sanmarinointernational.com\/es\/#\/schema\/logo\/image\/"},"sameAs":["https:\/\/www.facebook.com\/internationalrsm","https:\/\/www.instagram.com\/sanmarinointernational\/","https:\/\/www.linkedin.com\/company\/san-marino-international\/"]}]}},"uagb_featured_image_src":{"full":false,"thumbnail":false,"medium":false,"medium_large":false,"large":false,"1536x1536":false,"2048x2048":false},"uagb_author_info":{"display_name":"SMI","author_link":"https:\/\/www.sanmarinointernational.com\/es\/author\/admin2417\/"},"uagb_comment_info":0,"uagb_excerpt":"Pol\u00edtica de Cookies de sanmarinointernational.com El presente documento informa a los Usuarios sobre las tecnolog\u00edas que ayudan esta P\u00e1gina Web a lograr los fines descritos a continuaci\u00f3n. Dichas tecnolog\u00edas permiten al Titular acceder a informaci\u00f3n y.","_links":{"self":[{"href":"https:\/\/www.sanmarinointernational.com\/es\/wp-json\/wp\/v2\/pages\/5619","targetHints":{"allow":["GET"]}}],"collection":[{"href":"https:\/\/www.sanmarinointernational.com\/es\/wp-json\/wp\/v2\/pages"}],"about":[{"href":"https:\/\/www.sanmarinointernational.com\/es\/wp-json\/wp\/v2\/types\/page"}],"author":[{"embeddable":true,"href":"https:\/\/www.sanmarinointernational.com\/es\/wp-json\/wp\/v2\/users\/1"}],"replies":[{"embeddable":true,"href":"https:\/\/www.sanmarinointernational.com\/es\/wp-json\/wp\/v2\/comments?post=5619"}],"version-history":[{"count":0,"href":"https:\/\/www.sanmarinointernational.com\/es\/wp-json\/wp\/v2\/pages\/5619\/revisions"}],"wp:attachment":[{"href":"https:\/\/www.sanmarinointernational.com\/es\/wp-json\/wp\/v2\/media?parent=5619"}],"curies":[{"name":"wp","href":"https:\/\/api.w.org\/{rel}","templated":true}]}}