{"id":5608,"date":"2022-02-19T09:34:30","date_gmt":"2022-02-19T08:34:30","guid":{"rendered":"https:\/\/www.sanmarinointernational.com\/simplified-privacy-policy-of-sanmarinointernational-com\/"},"modified":"2022-02-19T10:37:32","modified_gmt":"2022-02-19T09:37:32","slug":"simplified-privacy-policy-of-sanmarinointernational-com","status":"publish","type":"page","link":"https:\/\/www.sanmarinointernational.com\/es\/simplified-privacy-policy-of-sanmarinointernational-com\/","title":{"rendered":"Pol\u00edtica de privacidad simplificada"},"content":{"rendered":"\n<h1 class=\"wp-block-heading\" id=\"politica-de-privacidad-simplificada-de-sanmarinointernational-com\">Pol\u00edtica de privacidad simplificada de <strong>sanmarinointernational.com<\/strong><\/h1>\n\n\n\n<p>Esta P\u00e1gina Web recoge algunos Datos Personales de sus Usuarios.<\/p>\n\n\n\n<h2 class=\"wp-block-heading\" id=\"datos-personales-recogidos-para-las-siguientes-finalidades-y-utilizando-los-siguientes-servicios\">Datos Personales recogidos para las siguientes finalidades y utilizando los siguientes servicios:<\/h2>\n\n\n\n<div class=\"wp-block-columns is-layout-flex wp-container-core-columns-is-layout-9d6595d7 wp-block-columns-is-layout-flex\">\n<div class=\"wp-block-column is-layout-flow wp-block-column-is-layout-flow\">\n<h3 class=\"wp-block-heading\" id=\"estadisticas\"><img decoding=\"async\" width=\"24\" height=\"24\" class=\"wp-image-5545\" style=\"width: 24px;\" src=\"http:\/\/www.sanmarinointernational.com\/wp-content\/uploads\/2022\/02\/index.png\" alt=\"\"> Estad\u00edsticas<\/h3>\n\n\n\n<h4 class=\"wp-block-heading\" id=\"sistema-de-estadisticas-propio\">Sistema de estad\u00edsticas propio<\/h4>\n\n\n\n<p>Datos Personales: Cookies; Datos de uso<\/p>\n\n\n\n<div class=\"wp-block-group alignwide\"><div class=\"wp-block-group__inner-container is-layout-flow wp-block-group-is-layout-flow\">\n<div class=\"wp-block-group alignwide\"><div class=\"wp-block-group__inner-container is-layout-flow wp-block-group-is-layout-flow\">\n<h3 class=\"wp-block-heading\" id=\"registro-y-autenticacion-prestados-directamente-por-esta-pagina-web\"><img decoding=\"async\" width=\"24\" height=\"24\" class=\"wp-image-5566\" style=\"width: 24px;\" src=\"http:\/\/www.sanmarinointernational.com\/wp-content\/uploads\/2022\/02\/sheet.png\" alt=\"\"> Registro y autenticaci\u00f3n prestados directamente por esta P\u00e1gina Web<\/h3>\n\n\n\n<h4 class=\"wp-block-heading\" id=\"registro-directo\">Registro directo<\/h4>\n\n\n\n<p>Datos Personales: apellido(s); direcci\u00f3n de correo electr\u00f3nico; nombre; N\u00famero de Identificaci\u00f3n Fiscal a efectos de IVA; n\u00famero de tel\u00e9fono; password; raz\u00f3n social; username<\/p>\n<\/div><\/div>\n<\/div><\/div>\n<\/div>\n\n\n\n<div class=\"wp-block-column is-layout-flow wp-block-column-is-layout-flow\">\n<h3 class=\"wp-block-heading\" id=\"contactar-con-el-usuario\"><img decoding=\"async\" width=\"24\" height=\"24\" class=\"wp-image-5554\" style=\"width: 24px;\" src=\"http:\/\/www.sanmarinointernational.com\/wp-content\/uploads\/2022\/02\/mail.png\" alt=\"\"> Contactar con el Usuario<\/h3>\n\n\n\n<h4 class=\"wp-block-heading\" id=\"contacto-telefonico\">Contacto telef\u00f3nico<\/h4>\n\n\n\n<p>Datos Personales: n\u00famero de tel\u00e9fono<\/p>\n\n\n\n<h4 class=\"wp-block-heading\" id=\"formulario-de-contacto\">Formulario de contacto<\/h4>\n\n\n\n<p>Datos Personales: apellido(s); direcci\u00f3n de correo electr\u00f3nico; nombre; n\u00famero de tel\u00e9fono<\/p>\n<\/div>\n<\/div>\n\n\n\n<h2 class=\"wp-block-heading\" id=\"informacion-adicional-acerca-de-los-datos-personales\">Informaci\u00f3n adicional acerca de los Datos Personales<\/h2>\n\n\n\n<h3 class=\"wp-block-heading\" id=\"analisis-y-predicciones-basadas-en-los-datos-de-los-usuarios-elaboracion-de-perfiles\"><img decoding=\"async\" width=\"24\" height=\"24\" class=\"wp-image-5566\" style=\"width: 24px;\" src=\"http:\/\/www.sanmarinointernational.com\/wp-content\/uploads\/2022\/02\/sheet.png\" alt=\"\"> An\u00e1lisis y predicciones basadas en los Datos de los Usuarios (\u201celaboraci\u00f3n de perfiles\u201d)<\/h3>\n\n\n\n<p>El Titular podr\u00e1 usar los Datos Personales y el Uso de Datos recogidos a trav\u00e9s de esta P\u00e1gina Web para crear o actualizar los perfiles de los Usuarios. Este tipo de tratamiento de Datos permite al Titular evaluar las elecciones, preferencias y comportamientos de los Usuarios con las finalidades subrayadas en la respectiva secci\u00f3n del presente documento.<br>Los perfiles de los Usuarios pueden, asimismo, crearse a partir del uso de herramientas automatizadas como los algoritmos, que tambi\u00e9n pueden facilitarse a trav\u00e9s de terceros. Para m\u00e1s informaci\u00f3n sobre las actividades de elaboraci\u00f3n de perfiles que se llevan a cabo, los Usuarios pueden consultar las secciones relevantes del presente documento.<br>Los Usuarios siempre tendr\u00e1n derecho a oponerse a este tipo de actividades de elaboraci\u00f3n de perfiles. Para m\u00e1s informaci\u00f3n sobre los derechos de los Usuarios y c\u00f3mo ejercer los mismos, el Usuario puede consultar la secci\u00f3n del presente documento donde se recogen los derechos del Usuario.<\/p>\n\n\n\n<h2 class=\"wp-block-heading\" id=\"datos-de-contacto\">Datos de contacto<\/h2>\n\n\n\n<h3 class=\"wp-block-heading\" id=\"titular-y-responsable-del-tratamiento-de-los-datos\"><img decoding=\"async\" width=\"24\" height=\"24\" class=\"wp-image-5565\" style=\"width: 24px;\" src=\"http:\/\/www.sanmarinointernational.com\/wp-content\/uploads\/2022\/02\/person.png\" alt=\"\"> Titular y Responsable del tratamiento de los Datos<\/h3>\n\n\n\n<p>San Marino International SRL &#8211; Via Onesto Scavino, 10, 47891 Falciano (RSM)<\/p>\n\n\n\n<h3 class=\"wp-block-heading\" id=\"correo-electronico-de-contacto-del-titular\">Correo electr\u00f3nico de contacto del Titular:<\/h3>\n\n\n\n<p>info@sanmarinointernational.com<\/p>\n\n\n\n<p class=\"has-text-align-right\"><a href=\"https:\/\/www.sanmarinointernational.com\/es\/privacy-policy\/\">Muestra la pol\u00edtica de privacidad completa<\/a><\/p>\n","protected":false},"excerpt":{"rendered":"<p>Pol\u00edtica de privacidad simplificada de sanmarinointernational.com Esta P\u00e1gina Web recoge algunos Datos Personales de sus Usuarios. Datos Personales recogidos para las siguientes finalidades y utilizando los siguientes servicios: Estad\u00edsticas Sistema de estad\u00edsticas propio Datos Personales: Cookies;.<\/p>\n","protected":false},"author":1,"featured_media":0,"parent":0,"menu_order":0,"comment_status":"closed","ping_status":"closed","template":"","meta":{"content-type":"","_uag_custom_page_level_css":"","footnotes":""},"class_list":["post-5608","page","type-page","status-publish","hentry"],"yoast_head":"<!-- This site is optimized with the Yoast SEO plugin v27.4 - https:\/\/yoast.com\/product\/yoast-seo-wordpress\/ -->\n<title>Pol\u00edtica de privacidad simplificada - San Marino International<\/title>\n<meta name=\"description\" content=\"Tour Operator gruppi Italia ed Europa\" \/>\n<meta name=\"robots\" content=\"index, follow, max-snippet:-1, max-image-preview:large, max-video-preview:-1\" \/>\n<link rel=\"canonical\" href=\"https:\/\/www.sanmarinointernational.com\/es\/simplified-privacy-policy-of-sanmarinointernational-com\/\" \/>\n<meta property=\"og:locale\" content=\"es_ES\" \/>\n<meta property=\"og:type\" content=\"article\" \/>\n<meta property=\"og:title\" content=\"Pol\u00edtica de privacidad simplificada - San Marino International\" \/>\n<meta property=\"og:description\" content=\"Tour Operator gruppi Italia ed Europa\" \/>\n<meta property=\"og:url\" content=\"https:\/\/www.sanmarinointernational.com\/es\/simplified-privacy-policy-of-sanmarinointernational-com\/\" \/>\n<meta property=\"og:site_name\" content=\"San Marino International\" \/>\n<meta property=\"article:publisher\" content=\"https:\/\/www.facebook.com\/internationalrsm\" \/>\n<meta property=\"article:modified_time\" content=\"2022-02-19T09:37:32+00:00\" \/>\n<meta property=\"og:image\" content=\"http:\/\/www.sanmarinointernational.com\/wp-content\/uploads\/2022\/02\/index.png\" \/>\n<meta name=\"twitter:card\" content=\"summary_large_image\" \/>\n<script type=\"application\/ld+json\" class=\"yoast-schema-graph\">{\"@context\":\"https:\\\/\\\/schema.org\",\"@graph\":[{\"@type\":\"WebPage\",\"@id\":\"https:\\\/\\\/www.sanmarinointernational.com\\\/es\\\/simplified-privacy-policy-of-sanmarinointernational-com\\\/\",\"url\":\"https:\\\/\\\/www.sanmarinointernational.com\\\/es\\\/simplified-privacy-policy-of-sanmarinointernational-com\\\/\",\"name\":\"Pol\u00edtica de privacidad simplificada - San Marino International\",\"isPartOf\":{\"@id\":\"https:\\\/\\\/www.sanmarinointernational.com\\\/es\\\/#website\"},\"primaryImageOfPage\":{\"@id\":\"https:\\\/\\\/www.sanmarinointernational.com\\\/es\\\/simplified-privacy-policy-of-sanmarinointernational-com\\\/#primaryimage\"},\"image\":{\"@id\":\"https:\\\/\\\/www.sanmarinointernational.com\\\/es\\\/simplified-privacy-policy-of-sanmarinointernational-com\\\/#primaryimage\"},\"thumbnailUrl\":\"http:\\\/\\\/www.sanmarinointernational.com\\\/wp-content\\\/uploads\\\/2022\\\/02\\\/index.png\",\"datePublished\":\"2022-02-19T08:34:30+00:00\",\"dateModified\":\"2022-02-19T09:37:32+00:00\",\"description\":\"Tour Operator gruppi Italia ed Europa\",\"breadcrumb\":{\"@id\":\"https:\\\/\\\/www.sanmarinointernational.com\\\/es\\\/simplified-privacy-policy-of-sanmarinointernational-com\\\/#breadcrumb\"},\"inLanguage\":\"es\",\"potentialAction\":[{\"@type\":\"ReadAction\",\"target\":[\"https:\\\/\\\/www.sanmarinointernational.com\\\/es\\\/simplified-privacy-policy-of-sanmarinointernational-com\\\/\"]}]},{\"@type\":\"ImageObject\",\"inLanguage\":\"es\",\"@id\":\"https:\\\/\\\/www.sanmarinointernational.com\\\/es\\\/simplified-privacy-policy-of-sanmarinointernational-com\\\/#primaryimage\",\"url\":\"http:\\\/\\\/www.sanmarinointernational.com\\\/wp-content\\\/uploads\\\/2022\\\/02\\\/index.png\",\"contentUrl\":\"http:\\\/\\\/www.sanmarinointernational.com\\\/wp-content\\\/uploads\\\/2022\\\/02\\\/index.png\"},{\"@type\":\"BreadcrumbList\",\"@id\":\"https:\\\/\\\/www.sanmarinointernational.com\\\/es\\\/simplified-privacy-policy-of-sanmarinointernational-com\\\/#breadcrumb\",\"itemListElement\":[{\"@type\":\"ListItem\",\"position\":1,\"name\":\"Home\",\"item\":\"https:\\\/\\\/www.sanmarinointernational.com\\\/es\\\/\"},{\"@type\":\"ListItem\",\"position\":2,\"name\":\"Pol\u00edtica de privacidad simplificada\"}]},{\"@type\":\"WebSite\",\"@id\":\"https:\\\/\\\/www.sanmarinointernational.com\\\/es\\\/#website\",\"url\":\"https:\\\/\\\/www.sanmarinointernational.com\\\/es\\\/\",\"name\":\"San Marino International\",\"description\":\"Solo Gruppi Italia Europa\",\"publisher\":{\"@id\":\"https:\\\/\\\/www.sanmarinointernational.com\\\/es\\\/#organization\"},\"potentialAction\":[{\"@type\":\"SearchAction\",\"target\":{\"@type\":\"EntryPoint\",\"urlTemplate\":\"https:\\\/\\\/www.sanmarinointernational.com\\\/es\\\/?s={search_term_string}\"},\"query-input\":{\"@type\":\"PropertyValueSpecification\",\"valueRequired\":true,\"valueName\":\"search_term_string\"}}],\"inLanguage\":\"es\"},{\"@type\":\"Organization\",\"@id\":\"https:\\\/\\\/www.sanmarinointernational.com\\\/es\\\/#organization\",\"name\":\"San Marino International srl\",\"url\":\"https:\\\/\\\/www.sanmarinointernational.com\\\/es\\\/\",\"logo\":{\"@type\":\"ImageObject\",\"inLanguage\":\"es\",\"@id\":\"https:\\\/\\\/www.sanmarinointernational.com\\\/es\\\/#\\\/schema\\\/logo\\\/image\\\/\",\"url\":\"https:\\\/\\\/www.sanmarinointernational.com\\\/wp-content\\\/uploads\\\/2020\\\/11\\\/CompletoTavola-disegno-2144.png\",\"contentUrl\":\"https:\\\/\\\/www.sanmarinointernational.com\\\/wp-content\\\/uploads\\\/2020\\\/11\\\/CompletoTavola-disegno-2144.png\",\"width\":121,\"height\":144,\"caption\":\"San Marino International srl\"},\"image\":{\"@id\":\"https:\\\/\\\/www.sanmarinointernational.com\\\/es\\\/#\\\/schema\\\/logo\\\/image\\\/\"},\"sameAs\":[\"https:\\\/\\\/www.facebook.com\\\/internationalrsm\",\"https:\\\/\\\/www.instagram.com\\\/sanmarinointernational\\\/\",\"https:\\\/\\\/www.linkedin.com\\\/company\\\/san-marino-international\\\/\"]}]}<\/script>\n<!-- \/ Yoast SEO plugin. -->","yoast_head_json":{"title":"Pol\u00edtica de privacidad simplificada - San Marino International","description":"Tour Operator gruppi Italia ed Europa","robots":{"index":"index","follow":"follow","max-snippet":"max-snippet:-1","max-image-preview":"max-image-preview:large","max-video-preview":"max-video-preview:-1"},"canonical":"https:\/\/www.sanmarinointernational.com\/es\/simplified-privacy-policy-of-sanmarinointernational-com\/","og_locale":"es_ES","og_type":"article","og_title":"Pol\u00edtica de privacidad simplificada - San Marino International","og_description":"Tour Operator gruppi Italia ed Europa","og_url":"https:\/\/www.sanmarinointernational.com\/es\/simplified-privacy-policy-of-sanmarinointernational-com\/","og_site_name":"San Marino International","article_publisher":"https:\/\/www.facebook.com\/internationalrsm","article_modified_time":"2022-02-19T09:37:32+00:00","og_image":[{"url":"http:\/\/www.sanmarinointernational.com\/wp-content\/uploads\/2022\/02\/index.png","type":"","width":"","height":""}],"twitter_card":"summary_large_image","schema":{"@context":"https:\/\/schema.org","@graph":[{"@type":"WebPage","@id":"https:\/\/www.sanmarinointernational.com\/es\/simplified-privacy-policy-of-sanmarinointernational-com\/","url":"https:\/\/www.sanmarinointernational.com\/es\/simplified-privacy-policy-of-sanmarinointernational-com\/","name":"Pol\u00edtica de privacidad simplificada - San Marino International","isPartOf":{"@id":"https:\/\/www.sanmarinointernational.com\/es\/#website"},"primaryImageOfPage":{"@id":"https:\/\/www.sanmarinointernational.com\/es\/simplified-privacy-policy-of-sanmarinointernational-com\/#primaryimage"},"image":{"@id":"https:\/\/www.sanmarinointernational.com\/es\/simplified-privacy-policy-of-sanmarinointernational-com\/#primaryimage"},"thumbnailUrl":"http:\/\/www.sanmarinointernational.com\/wp-content\/uploads\/2022\/02\/index.png","datePublished":"2022-02-19T08:34:30+00:00","dateModified":"2022-02-19T09:37:32+00:00","description":"Tour Operator gruppi Italia ed Europa","breadcrumb":{"@id":"https:\/\/www.sanmarinointernational.com\/es\/simplified-privacy-policy-of-sanmarinointernational-com\/#breadcrumb"},"inLanguage":"es","potentialAction":[{"@type":"ReadAction","target":["https:\/\/www.sanmarinointernational.com\/es\/simplified-privacy-policy-of-sanmarinointernational-com\/"]}]},{"@type":"ImageObject","inLanguage":"es","@id":"https:\/\/www.sanmarinointernational.com\/es\/simplified-privacy-policy-of-sanmarinointernational-com\/#primaryimage","url":"http:\/\/www.sanmarinointernational.com\/wp-content\/uploads\/2022\/02\/index.png","contentUrl":"http:\/\/www.sanmarinointernational.com\/wp-content\/uploads\/2022\/02\/index.png"},{"@type":"BreadcrumbList","@id":"https:\/\/www.sanmarinointernational.com\/es\/simplified-privacy-policy-of-sanmarinointernational-com\/#breadcrumb","itemListElement":[{"@type":"ListItem","position":1,"name":"Home","item":"https:\/\/www.sanmarinointernational.com\/es\/"},{"@type":"ListItem","position":2,"name":"Pol\u00edtica de privacidad simplificada"}]},{"@type":"WebSite","@id":"https:\/\/www.sanmarinointernational.com\/es\/#website","url":"https:\/\/www.sanmarinointernational.com\/es\/","name":"San Marino International","description":"Solo Gruppi Italia Europa","publisher":{"@id":"https:\/\/www.sanmarinointernational.com\/es\/#organization"},"potentialAction":[{"@type":"SearchAction","target":{"@type":"EntryPoint","urlTemplate":"https:\/\/www.sanmarinointernational.com\/es\/?s={search_term_string}"},"query-input":{"@type":"PropertyValueSpecification","valueRequired":true,"valueName":"search_term_string"}}],"inLanguage":"es"},{"@type":"Organization","@id":"https:\/\/www.sanmarinointernational.com\/es\/#organization","name":"San Marino International srl","url":"https:\/\/www.sanmarinointernational.com\/es\/","logo":{"@type":"ImageObject","inLanguage":"es","@id":"https:\/\/www.sanmarinointernational.com\/es\/#\/schema\/logo\/image\/","url":"https:\/\/www.sanmarinointernational.com\/wp-content\/uploads\/2020\/11\/CompletoTavola-disegno-2144.png","contentUrl":"https:\/\/www.sanmarinointernational.com\/wp-content\/uploads\/2020\/11\/CompletoTavola-disegno-2144.png","width":121,"height":144,"caption":"San Marino International srl"},"image":{"@id":"https:\/\/www.sanmarinointernational.com\/es\/#\/schema\/logo\/image\/"},"sameAs":["https:\/\/www.facebook.com\/internationalrsm","https:\/\/www.instagram.com\/sanmarinointernational\/","https:\/\/www.linkedin.com\/company\/san-marino-international\/"]}]}},"uagb_featured_image_src":{"full":false,"thumbnail":false,"medium":false,"medium_large":false,"large":false,"1536x1536":false,"2048x2048":false},"uagb_author_info":{"display_name":"SMI","author_link":"https:\/\/www.sanmarinointernational.com\/es\/author\/admin2417\/"},"uagb_comment_info":0,"uagb_excerpt":"Pol\u00edtica de privacidad simplificada de sanmarinointernational.com Esta P\u00e1gina Web recoge algunos Datos Personales de sus Usuarios. Datos Personales recogidos para las siguientes finalidades y utilizando los siguientes servicios: Estad\u00edsticas Sistema de estad\u00edsticas propio Datos Personales: Cookies;.","_links":{"self":[{"href":"https:\/\/www.sanmarinointernational.com\/es\/wp-json\/wp\/v2\/pages\/5608","targetHints":{"allow":["GET"]}}],"collection":[{"href":"https:\/\/www.sanmarinointernational.com\/es\/wp-json\/wp\/v2\/pages"}],"about":[{"href":"https:\/\/www.sanmarinointernational.com\/es\/wp-json\/wp\/v2\/types\/page"}],"author":[{"embeddable":true,"href":"https:\/\/www.sanmarinointernational.com\/es\/wp-json\/wp\/v2\/users\/1"}],"replies":[{"embeddable":true,"href":"https:\/\/www.sanmarinointernational.com\/es\/wp-json\/wp\/v2\/comments?post=5608"}],"version-history":[{"count":0,"href":"https:\/\/www.sanmarinointernational.com\/es\/wp-json\/wp\/v2\/pages\/5608\/revisions"}],"wp:attachment":[{"href":"https:\/\/www.sanmarinointernational.com\/es\/wp-json\/wp\/v2\/media?parent=5608"}],"curies":[{"name":"wp","href":"https:\/\/api.w.org\/{rel}","templated":true}]}}