{"id":1391,"date":"2020-11-24T17:37:53","date_gmt":"2020-11-24T16:37:53","guid":{"rendered":"http:\/\/www2.sanmarinointernational.com\/?page_id=1391"},"modified":"2021-03-01T11:17:58","modified_gmt":"2021-03-01T10:17:58","slug":"company-profile","status":"publish","type":"page","link":"https:\/\/www.sanmarinointernational.com\/de\/company-profile\/","title":{"rendered":"Company profile"},"content":{"rendered":"<div class=\"wpb-content-wrapper\"><p>[vc_row][vc_column][vc_custom_heading text=&#8221;Company profile&#8221; google_fonts=&#8221;font_family:Montserrat%3Aregular%2C700|font_style:400%20regular%3A400%3Anormal&#8221;][\/vc_column][\/vc_row][vc_row][vc_column][vc_column_text]Wir sind San Marino International, ein Reiseveranstalter, der auf kulturelle Gruppen mit Zielen in Italien und Europa spezialisiert ist. Wir sind eine Gruppe von begeisterter Fachleute mit langj\u00e4hriger Erfahrung f\u00fcr jede jeweilige Rolle und f\u00fcr jeden spezifischen Bereich Italiens und Europas f\u00fcr jedes von uns gew\u00fcnschte Reiseziel.<br \/>\nUnsere Kunden betrachten uns als einen der zuverl\u00e4ssigsten und seri\u00f6sesten Partner und belohnen unsere kommerziellen Reaktionen w\u00e4hrend der Sperrung aufgrund von Covid-19 mit der h\u00f6chsten Anzahl positiver Bewertungen.<br \/>\nWir sind bereits gestartet, haben alle unsere Lieferanten pers\u00f6nlich \u00fcberpr\u00fcft, um neue Angebote und neue Verf\u00fcgbarkeiten zu erhalten und heute bringen wir unsere Kunden dazu, mit personalisierten Angeboten zu reisen, die immer vorteilhaft sind und auch originelle Ziele mit neuen Formaten vorschlagen.<br \/>\nGlaubst du nicht, dass es Zeit f\u00fcr eine Ver\u00e4nderung ist?<br \/>\n<strong>TAKE THE CHANCE<\/strong><br \/>\nW\u00e4hlen Sie San Marino International![\/vc_column_text][\/vc_column][\/vc_row][vc_row][vc_column][vc_single_image image=&#8221;1117&#8243; img_size=&#8221;full&#8221; alignment=&#8221;center&#8221; style=&#8221;vc_box_shadow&#8221;][\/vc_column][\/vc_row]<\/p>\n<\/div>","protected":false},"excerpt":{"rendered":"<p>[vc_row][vc_column][vc_custom_heading text=&#8221;Company profile&#8221; google_fonts=&#8221;font_family:Montserrat%3Aregular%2C700|font_style:400%20regular%3A400%3Anormal&#8221;][\/vc_column][\/vc_row][vc_row][vc_column][vc_column_text]Wir sind San Marino International, ein Reiseveranstalter, der auf kulturelle Gruppen mit Zielen in Italien und Europa spezialisiert ist. Wir sind eine Gruppe von begeisterter Fachleute mit langj\u00e4hriger Erfahrung f\u00fcr jede jeweilige Rolle.<\/p>\n","protected":false},"author":1,"featured_media":0,"parent":0,"menu_order":0,"comment_status":"closed","ping_status":"closed","template":"","meta":{"content-type":"","_uag_custom_page_level_css":"","footnotes":""},"class_list":["post-1391","page","type-page","status-publish","hentry"],"yoast_head":"<!-- This site is optimized with the Yoast SEO plugin v27.4 - https:\/\/yoast.com\/product\/yoast-seo-wordpress\/ -->\n<title>Company profile - San Marino International<\/title>\n<meta name=\"description\" content=\"Tour Operator gruppi Italia ed Europa\" \/>\n<meta name=\"robots\" content=\"index, follow, max-snippet:-1, max-image-preview:large, max-video-preview:-1\" \/>\n<link rel=\"canonical\" href=\"https:\/\/www.sanmarinointernational.com\/de\/company-profile\/\" \/>\n<meta property=\"og:locale\" content=\"de_DE\" \/>\n<meta property=\"og:type\" content=\"article\" \/>\n<meta property=\"og:title\" content=\"Company profile - San Marino International\" \/>\n<meta property=\"og:description\" content=\"Tour Operator gruppi Italia ed Europa\" \/>\n<meta property=\"og:url\" content=\"https:\/\/www.sanmarinointernational.com\/de\/company-profile\/\" \/>\n<meta property=\"og:site_name\" content=\"San Marino International\" \/>\n<meta property=\"article:publisher\" content=\"https:\/\/www.facebook.com\/internationalrsm\" \/>\n<meta property=\"article:modified_time\" content=\"2021-03-01T10:17:58+00:00\" \/>\n<meta name=\"twitter:card\" content=\"summary_large_image\" \/>\n<script type=\"application\/ld+json\" class=\"yoast-schema-graph\">{\"@context\":\"https:\\\/\\\/schema.org\",\"@graph\":[{\"@type\":\"WebPage\",\"@id\":\"https:\\\/\\\/www.sanmarinointernational.com\\\/de\\\/company-profile\\\/\",\"url\":\"https:\\\/\\\/www.sanmarinointernational.com\\\/de\\\/company-profile\\\/\",\"name\":\"Company profile - San Marino International\",\"isPartOf\":{\"@id\":\"https:\\\/\\\/www.sanmarinointernational.com\\\/de\\\/#website\"},\"datePublished\":\"2020-11-24T16:37:53+00:00\",\"dateModified\":\"2021-03-01T10:17:58+00:00\",\"description\":\"Tour Operator gruppi Italia ed Europa\",\"breadcrumb\":{\"@id\":\"https:\\\/\\\/www.sanmarinointernational.com\\\/de\\\/company-profile\\\/#breadcrumb\"},\"inLanguage\":\"de\",\"potentialAction\":[{\"@type\":\"ReadAction\",\"target\":[\"https:\\\/\\\/www.sanmarinointernational.com\\\/de\\\/company-profile\\\/\"]}]},{\"@type\":\"BreadcrumbList\",\"@id\":\"https:\\\/\\\/www.sanmarinointernational.com\\\/de\\\/company-profile\\\/#breadcrumb\",\"itemListElement\":[{\"@type\":\"ListItem\",\"position\":1,\"name\":\"Home\",\"item\":\"https:\\\/\\\/www.sanmarinointernational.com\\\/de\\\/\"},{\"@type\":\"ListItem\",\"position\":2,\"name\":\"Company profile\"}]},{\"@type\":\"WebSite\",\"@id\":\"https:\\\/\\\/www.sanmarinointernational.com\\\/de\\\/#website\",\"url\":\"https:\\\/\\\/www.sanmarinointernational.com\\\/de\\\/\",\"name\":\"San Marino International\",\"description\":\"Solo Gruppi Italia Europa\",\"publisher\":{\"@id\":\"https:\\\/\\\/www.sanmarinointernational.com\\\/de\\\/#organization\"},\"potentialAction\":[{\"@type\":\"SearchAction\",\"target\":{\"@type\":\"EntryPoint\",\"urlTemplate\":\"https:\\\/\\\/www.sanmarinointernational.com\\\/de\\\/?s={search_term_string}\"},\"query-input\":{\"@type\":\"PropertyValueSpecification\",\"valueRequired\":true,\"valueName\":\"search_term_string\"}}],\"inLanguage\":\"de\"},{\"@type\":\"Organization\",\"@id\":\"https:\\\/\\\/www.sanmarinointernational.com\\\/de\\\/#organization\",\"name\":\"San Marino International srl\",\"url\":\"https:\\\/\\\/www.sanmarinointernational.com\\\/de\\\/\",\"logo\":{\"@type\":\"ImageObject\",\"inLanguage\":\"de\",\"@id\":\"https:\\\/\\\/www.sanmarinointernational.com\\\/de\\\/#\\\/schema\\\/logo\\\/image\\\/\",\"url\":\"https:\\\/\\\/www.sanmarinointernational.com\\\/wp-content\\\/uploads\\\/2020\\\/11\\\/CompletoTavola-disegno-2144.png\",\"contentUrl\":\"https:\\\/\\\/www.sanmarinointernational.com\\\/wp-content\\\/uploads\\\/2020\\\/11\\\/CompletoTavola-disegno-2144.png\",\"width\":121,\"height\":144,\"caption\":\"San Marino International srl\"},\"image\":{\"@id\":\"https:\\\/\\\/www.sanmarinointernational.com\\\/de\\\/#\\\/schema\\\/logo\\\/image\\\/\"},\"sameAs\":[\"https:\\\/\\\/www.facebook.com\\\/internationalrsm\",\"https:\\\/\\\/www.instagram.com\\\/sanmarinointernational\\\/\",\"https:\\\/\\\/www.linkedin.com\\\/company\\\/san-marino-international\\\/\"]}]}<\/script>\n<!-- \/ Yoast SEO plugin. -->","yoast_head_json":{"title":"Company profile - San Marino International","description":"Tour Operator gruppi Italia ed Europa","robots":{"index":"index","follow":"follow","max-snippet":"max-snippet:-1","max-image-preview":"max-image-preview:large","max-video-preview":"max-video-preview:-1"},"canonical":"https:\/\/www.sanmarinointernational.com\/de\/company-profile\/","og_locale":"de_DE","og_type":"article","og_title":"Company profile - San Marino International","og_description":"Tour Operator gruppi Italia ed Europa","og_url":"https:\/\/www.sanmarinointernational.com\/de\/company-profile\/","og_site_name":"San Marino International","article_publisher":"https:\/\/www.facebook.com\/internationalrsm","article_modified_time":"2021-03-01T10:17:58+00:00","twitter_card":"summary_large_image","schema":{"@context":"https:\/\/schema.org","@graph":[{"@type":"WebPage","@id":"https:\/\/www.sanmarinointernational.com\/de\/company-profile\/","url":"https:\/\/www.sanmarinointernational.com\/de\/company-profile\/","name":"Company profile - San Marino International","isPartOf":{"@id":"https:\/\/www.sanmarinointernational.com\/de\/#website"},"datePublished":"2020-11-24T16:37:53+00:00","dateModified":"2021-03-01T10:17:58+00:00","description":"Tour Operator gruppi Italia ed Europa","breadcrumb":{"@id":"https:\/\/www.sanmarinointernational.com\/de\/company-profile\/#breadcrumb"},"inLanguage":"de","potentialAction":[{"@type":"ReadAction","target":["https:\/\/www.sanmarinointernational.com\/de\/company-profile\/"]}]},{"@type":"BreadcrumbList","@id":"https:\/\/www.sanmarinointernational.com\/de\/company-profile\/#breadcrumb","itemListElement":[{"@type":"ListItem","position":1,"name":"Home","item":"https:\/\/www.sanmarinointernational.com\/de\/"},{"@type":"ListItem","position":2,"name":"Company profile"}]},{"@type":"WebSite","@id":"https:\/\/www.sanmarinointernational.com\/de\/#website","url":"https:\/\/www.sanmarinointernational.com\/de\/","name":"San Marino International","description":"Solo Gruppi Italia Europa","publisher":{"@id":"https:\/\/www.sanmarinointernational.com\/de\/#organization"},"potentialAction":[{"@type":"SearchAction","target":{"@type":"EntryPoint","urlTemplate":"https:\/\/www.sanmarinointernational.com\/de\/?s={search_term_string}"},"query-input":{"@type":"PropertyValueSpecification","valueRequired":true,"valueName":"search_term_string"}}],"inLanguage":"de"},{"@type":"Organization","@id":"https:\/\/www.sanmarinointernational.com\/de\/#organization","name":"San Marino International srl","url":"https:\/\/www.sanmarinointernational.com\/de\/","logo":{"@type":"ImageObject","inLanguage":"de","@id":"https:\/\/www.sanmarinointernational.com\/de\/#\/schema\/logo\/image\/","url":"https:\/\/www.sanmarinointernational.com\/wp-content\/uploads\/2020\/11\/CompletoTavola-disegno-2144.png","contentUrl":"https:\/\/www.sanmarinointernational.com\/wp-content\/uploads\/2020\/11\/CompletoTavola-disegno-2144.png","width":121,"height":144,"caption":"San Marino International srl"},"image":{"@id":"https:\/\/www.sanmarinointernational.com\/de\/#\/schema\/logo\/image\/"},"sameAs":["https:\/\/www.facebook.com\/internationalrsm","https:\/\/www.instagram.com\/sanmarinointernational\/","https:\/\/www.linkedin.com\/company\/san-marino-international\/"]}]}},"uagb_featured_image_src":{"full":false,"thumbnail":false,"medium":false,"medium_large":false,"large":false,"1536x1536":false,"2048x2048":false},"uagb_author_info":{"display_name":"SMI","author_link":"https:\/\/www.sanmarinointernational.com\/de\/author\/admin2417\/"},"uagb_comment_info":0,"uagb_excerpt":"[vc_row][vc_column][vc_custom_heading text=&#8221;Company profile&#8221; google_fonts=&#8221;font_family:Montserrat%3Aregular%2C700|font_style:400%20regular%3A400%3Anormal&#8221;][\/vc_column][\/vc_row][vc_row][vc_column][vc_column_text]Wir sind San Marino International, ein Reiseveranstalter, der auf kulturelle Gruppen mit Zielen in Italien und Europa spezialisiert ist. Wir sind eine Gruppe von begeisterter Fachleute mit langj\u00e4hriger Erfahrung f\u00fcr jede jeweilige Rolle.","_links":{"self":[{"href":"https:\/\/www.sanmarinointernational.com\/de\/wp-json\/wp\/v2\/pages\/1391","targetHints":{"allow":["GET"]}}],"collection":[{"href":"https:\/\/www.sanmarinointernational.com\/de\/wp-json\/wp\/v2\/pages"}],"about":[{"href":"https:\/\/www.sanmarinointernational.com\/de\/wp-json\/wp\/v2\/types\/page"}],"author":[{"embeddable":true,"href":"https:\/\/www.sanmarinointernational.com\/de\/wp-json\/wp\/v2\/users\/1"}],"replies":[{"embeddable":true,"href":"https:\/\/www.sanmarinointernational.com\/de\/wp-json\/wp\/v2\/comments?post=1391"}],"version-history":[{"count":0,"href":"https:\/\/www.sanmarinointernational.com\/de\/wp-json\/wp\/v2\/pages\/1391\/revisions"}],"wp:attachment":[{"href":"https:\/\/www.sanmarinointernational.com\/de\/wp-json\/wp\/v2\/media?parent=1391"}],"curies":[{"name":"wp","href":"https:\/\/api.w.org\/{rel}","templated":true}]}}